{"id":141,"date":"2023-04-04T17:32:08","date_gmt":"2023-04-04T22:32:08","guid":{"rendered":"https:\/\/metro01.evolucionti.com\/?page_id=141"},"modified":"2025-10-25T15:57:53","modified_gmt":"2025-10-25T20:57:53","slug":"politicas","status":"publish","type":"page","link":"https:\/\/amgdecolombia.com\/en\/politicas\/","title":{"rendered":"Politics"},"content":{"rendered":"<div class=\"wpb-content-wrapper\"><div class=\"vc_row wpb_row vc_row-fluid customcard_title vc_custom_1759644858892 vc_row-has-fill\"><div class=\"wpb_column vc_column_container vc_col-sm-12\"><div class=\"vc_column-inner\"><div class=\"wpb_wrapper\"><div id=\"ultimate-heading-90226a096620939af\" class=\"uvc-heading ult-adjust-bottom-margin ultimate-heading-90226a096620939af uvc-6411\" data-hspacer=\"no_spacer\"  data-halign=\"center\" style=\"text-align:center\"><div class=\"uvc-heading-spacer no_spacer\" style=\"top\"><\/div><div class=\"uvc-main-heading ult-responsive\"  data-ultimate-target='.uvc-heading.ultimate-heading-90226a096620939af h2'  data-responsive-json-new='{\"font-size\":\"desktop:45px;\",\"line-height\":\"\"}' ><h2 style=\"font-family:&#039;Montserrat&#039;;font-weight:600;color:#FFFFFF;\">IMS Policy, Mission, and Vision<\/h2><\/div><\/div><\/div><\/div><\/div><\/div><div style=\"min-height: 500px\" class=\"vc_row wpb_row vc_row-fluid policies-eq vc_row-o-full-height vc_row-o-columns-middle vc_row-o-equal-height vc_row-flex\"><div class=\"wpb_column vc_column_container vc_col-sm-4\"><div class=\"vc_column-inner\"><div class=\"wpb_wrapper\"><section class=\"vc_cta3-container\"><div class=\"vc_general vc_do_cta3 vc_cta3 customcard_title vc_cta3-style-custom vc_cta3-shape-rounded vc_cta3-align-left vc_cta3-icon-size-md vc_cta3-actions-bottom vc_custom_1761425563538\" style=\"background-color:#00A764;\"><div class=\"vc_cta3_content-container\"><div class=\"vc_cta3-content\"><header class=\"vc_cta3-content-header\"><h2 style=\"font-size: 30px;color: #FFFFFF;text-align: center;font-family:Montserrat;font-weight:400;font-style:normal\" class=\"vc_custom_heading vc_do_custom_heading\" >Data Protection and Management Policy<\/h2><\/header><\/div><div class=\"vc_cta3-actions\"><div class=\"vc_btn3-container vc_btn3-center\" ><a onmouseleave=\"this.style.borderColor='#FFFFFF'; this.style.backgroundColor='transparent'; this.style.color='#FFFFFF'\" onmouseenter=\"this.style.borderColor='#004E63'; this.style.backgroundColor='#004E63'; this.style.color='#fff';\" style=\"border-color:#FFFFFF; color:#FFFFFF;\" class=\"vc_general vc_btn3 vc_btn3-size-md vc_btn3-shape-round vc_btn3-style-outline-custom\" href=\"https:\/\/amgdecolombia.com\/wp-content\/uploads\/2025\/10\/Manual-y-politica-de-Proteccion-de-datos.pdf\" title=\"\" target=\"_blank\">View Certificate (PDF)<\/a><\/div><\/div><\/div><\/div><\/section><\/div><\/div><\/div><div class=\"wpb_column vc_column_container vc_col-sm-4\"><div class=\"vc_column-inner\"><div class=\"wpb_wrapper\"><section class=\"vc_cta3-container\"><div class=\"vc_general vc_do_cta3 vc_cta3 customcard_title vc_cta3-style-custom vc_cta3-shape-rounded vc_cta3-align-left vc_cta3-icon-size-md vc_cta3-actions-bottom vc_custom_1761425542505\" style=\"background-color:#004E63;\"><div class=\"vc_cta3_content-container\"><div class=\"vc_cta3-content\"><header class=\"vc_cta3-content-header\"><h2 style=\"font-size: 30px;color: #FFFFFF;text-align: center;font-family:Montserrat;font-weight:400;font-style:normal\" class=\"vc_custom_heading vc_do_custom_heading\" >Integrated Management System Policy<\/h2><\/header><\/div><div class=\"vc_cta3-actions\"><div class=\"vc_btn3-container vc_btn3-center\" ><a onmouseleave=\"this.style.borderColor='#FFFFFF'; this.style.backgroundColor='transparent'; this.style.color='#FFFFFF'\" onmouseenter=\"this.style.borderColor='#8CC63F'; this.style.backgroundColor='#8CC63F'; this.style.color='#fff';\" style=\"border-color:#FFFFFF; color:#FFFFFF;\" class=\"vc_general vc_btn3 vc_btn3-size-md vc_btn3-shape-round vc_btn3-style-outline-custom\" href=\"https:\/\/amgdecolombia.com\/wp-content\/uploads\/2025\/10\/Politica-de-Sistema-de-gestion-integral.pdf\" title=\"\" target=\"_blank\">View Certificate (PDF)<\/a><\/div><\/div><\/div><\/div><\/section><\/div><\/div><\/div><div class=\"wpb_column vc_column_container vc_col-sm-4\"><div class=\"vc_column-inner\"><div class=\"wpb_wrapper\"><section class=\"vc_cta3-container\"><div class=\"vc_general vc_do_cta3 vc_cta3 customcard_title vc_cta3-style-custom vc_cta3-shape-rounded vc_cta3-align-left vc_cta3-icon-size-md vc_cta3-actions-bottom vc_custom_1761425650579\" style=\"background-color:#8CC63F;\"><div class=\"vc_cta3_content-container\"><div class=\"vc_cta3-content\"><header class=\"vc_cta3-content-header\"><h2 style=\"font-size: 30px;color: #FFFFFF;text-align: center;font-family:Montserrat;font-weight:400;font-style:normal\" class=\"vc_custom_heading vc_do_custom_heading\" >Anti-Corruption and Anti-Bribery Policy<\/h2><\/header><\/div><div class=\"vc_cta3-actions\"><div class=\"vc_btn3-container vc_btn3-center\" ><a onmouseleave=\"this.style.borderColor='#FFFFFF'; this.style.backgroundColor='transparent'; this.style.color='#FFFFFF'\" onmouseenter=\"this.style.borderColor='#004E63'; this.style.backgroundColor='#004E63'; this.style.color='#fff';\" style=\"border-color:#FFFFFF; color:#FFFFFF;\" class=\"vc_general vc_btn3 vc_btn3-size-md vc_btn3-shape-round vc_btn3-style-outline-custom\" href=\"https:\/\/amgdecolombia.com\/wp-content\/uploads\/2025\/10\/Politica-Cumplimiento-Anticorupction-y-soborno.pdf\" title=\"\" target=\"_blank\">View Certificate (PDF)<\/a><\/div><\/div><\/div><\/div><\/section><\/div><\/div><\/div><\/div><div style=\"min-height: 500px\" class=\"vc_row wpb_row vc_row-fluid policies-eq vc_custom_1761425871274 vc_row-o-full-height vc_row-o-columns-middle vc_row-o-equal-height vc_row-flex\"><div class=\"wpb_column vc_column_container vc_col-sm-6\"><div class=\"vc_column-inner\"><div class=\"wpb_wrapper\"><section class=\"vc_cta3-container\"><div class=\"vc_general vc_do_cta3 vc_cta3 customcard_title vc_cta3-style-custom vc_cta3-shape-rounded vc_cta3-align-left vc_cta3-icon-size-md vc_cta3-actions-bottom vc_custom_1761425722999\" style=\"background-color:#00A764;\"><div class=\"vc_cta3_content-container\"><div class=\"vc_cta3-content\"><header class=\"vc_cta3-content-header\"><h2 style=\"font-size: 30px;color: #FFFFFF;text-align: center;font-family:Montserrat;font-weight:400;font-style:normal\" class=\"vc_custom_heading vc_do_custom_heading\" >Human Rights Policy<\/h2><\/header><\/div><div class=\"vc_cta3-actions\"><div class=\"vc_btn3-container vc_btn3-center\" ><a onmouseleave=\"this.style.borderColor='#FFFFFF'; this.style.backgroundColor='transparent'; this.style.color='#FFFFFF'\" onmouseenter=\"this.style.borderColor='#004E63'; this.style.backgroundColor='#004E63'; this.style.color='#fff';\" style=\"border-color:#FFFFFF; color:#FFFFFF;\" class=\"vc_general vc_btn3 vc_btn3-size-md vc_btn3-shape-round vc_btn3-style-outline-custom\" href=\"https:\/\/amgdecolombia.com\/wp-content\/uploads\/2025\/10\/Politica-de-derechos-humanos.pdf\" title=\"\" target=\"_blank\">View Certificate (PDF)<\/a><\/div><\/div><\/div><\/div><\/section><\/div><\/div><\/div><div class=\"wpb_column vc_column_container vc_col-sm-6\"><div class=\"vc_column-inner\"><div class=\"wpb_wrapper\"><section class=\"vc_cta3-container\"><div class=\"vc_general vc_do_cta3 vc_cta3 customcard_title vc_cta3-style-custom vc_cta3-shape-rounded vc_cta3-align-left vc_cta3-icon-size-md vc_cta3-actions-bottom vc_custom_1761425824321\" style=\"background-color:#004E63;\"><div class=\"vc_cta3_content-container\"><div class=\"vc_cta3-content\"><header class=\"vc_cta3-content-header\"><h2 style=\"font-size: 30px;color: #FFFFFF;text-align: center;font-family:Montserrat;font-weight:400;font-style:normal\" class=\"vc_custom_heading vc_do_custom_heading\" >SAGRILAFT Prevention Policy<\/h2><\/header><\/div><div class=\"vc_cta3-actions\"><div class=\"vc_btn3-container vc_btn3-center\" ><a onmouseleave=\"this.style.borderColor='#FFFFFF'; this.style.backgroundColor='transparent'; this.style.color='#FFFFFF'\" onmouseenter=\"this.style.borderColor='#8CC63F'; this.style.backgroundColor='#8CC63F'; this.style.color='#fff';\" style=\"border-color:#FFFFFF; color:#FFFFFF;\" class=\"vc_general vc_btn3 vc_btn3-size-md vc_btn3-shape-round vc_btn3-style-outline-custom\" href=\"https:\/\/amgdecolombia.com\/wp-content\/uploads\/2025\/10\/Politica-SAGRILAFT.pdf\" title=\"\" target=\"_blank\">View Certificate (PDF)<\/a><\/div><\/div><\/div><\/div><\/section><\/div><\/div><\/div><\/div>\n<\/div>","protected":false},"excerpt":{"rendered":"<p>Pol\u00edtica SGI misi\u00f3n y visi\u00f3nPol\u00edtica Protecci\u00f3n y manejo de datosVer certificado (PDF)Pol\u00edtica Sistema de Gesti\u00f3n IntegralVer certificado (PDF)Pol\u00edtica Anticorrupci\u00f3n y SobornoVer certificado (PDF)Pol\u00edtica de Derechos HumanosVer certificado (PDF)Pol\u00edtica de prevenci\u00f3n SAGRILAFTVer certificado (PDF)<\/p>","protected":false},"author":2,"featured_media":0,"parent":0,"menu_order":0,"comment_status":"closed","ping_status":"closed","template":"","meta":{"footnotes":""},"class_list":["post-141","page","type-page","status-publish","hentry","description-off"],"_links":{"self":[{"href":"https:\/\/amgdecolombia.com\/en\/wp-json\/wp\/v2\/pages\/141","targetHints":{"allow":["GET"]}}],"collection":[{"href":"https:\/\/amgdecolombia.com\/en\/wp-json\/wp\/v2\/pages"}],"about":[{"href":"https:\/\/amgdecolombia.com\/en\/wp-json\/wp\/v2\/types\/page"}],"author":[{"embeddable":true,"href":"https:\/\/amgdecolombia.com\/en\/wp-json\/wp\/v2\/users\/2"}],"replies":[{"embeddable":true,"href":"https:\/\/amgdecolombia.com\/en\/wp-json\/wp\/v2\/comments?post=141"}],"version-history":[{"count":29,"href":"https:\/\/amgdecolombia.com\/en\/wp-json\/wp\/v2\/pages\/141\/revisions"}],"predecessor-version":[{"id":961,"href":"https:\/\/amgdecolombia.com\/en\/wp-json\/wp\/v2\/pages\/141\/revisions\/961"}],"wp:attachment":[{"href":"https:\/\/amgdecolombia.com\/en\/wp-json\/wp\/v2\/media?parent=141"}],"curies":[{"name":"wp","href":"https:\/\/api.w.org\/{rel}","templated":true}]}}