{"id":194,"date":"2023-04-04T18:13:03","date_gmt":"2023-04-04T23:13:03","guid":{"rendered":"https:\/\/metro01.evolucionti.com\/?page_id=194"},"modified":"2025-11-17T10:05:14","modified_gmt":"2025-11-17T15:05:14","slug":"productos-y-servicios","status":"publish","type":"page","link":"https:\/\/amgdecolombia.com\/en\/productos-y-servicios\/","title":{"rendered":"Products &amp; Services"},"content":{"rendered":"<div class=\"wpb-content-wrapper\"><div class=\"vc_row wpb_row vc_row-fluid\"><div class=\"wpb_column vc_column_container vc_col-sm-12\"><div class=\"vc_column-inner\"><div class=\"wpb_wrapper\">\n\t<div class=\"wpb_text_column wpb_content_element\" >\n\t\t<div class=\"wpb_wrapper\">\n\t\t\t<p style=\"text-align: justify;\"><strong>AMG de Colombia<\/strong> es una empresa 100\u202f% colombiana, con m\u00e1s de 20 a\u00f1os de experiencia en el desarrollo y suministro de soluciones qu\u00edmicas para sectores industriales y de Oil &amp; Gas. Se especializan en el dise\u00f1o e implementaci\u00f3n de procesos para mantenimiento, transporte y tratamiento de fluidos, cumpliendo con est\u00e1ndares internacionales como ISO\u202f9001, ISO\u202f14001 e ISO\u202f45001. Con base operativa en Tocancip\u00e1 (Cundinamarca), AMG ofrece productos innovadores biodegradables y seguros, orientados a mejorar la productividad y reducir impactos ambientales.<\/p>\n\n\t\t<\/div>\n\t<\/div>\n<\/div><\/div><\/div><\/div><div class=\"vc_row wpb_row vc_row-fluid vc_custom_1680648501791 vc_column-gap-35 vc_row-o-equal-height vc_row-o-content-top vc_row-flex\"><div class=\"wpb_column vc_column_container vc_col-sm-4\"><div class=\"vc_column-inner\"><div class=\"wpb_wrapper\">\n\t<div  class=\"wpb_single_image wpb_content_element vc_align_center\">\n\t\t\n\t\t<figure class=\"wpb_wrapper vc_figure\">\n\t\t\t<div class=\"vc_single_image-wrapper   vc_box_border_grey\"><img loading=\"lazy\" decoding=\"async\" width=\"1890\" height=\"591\" src=\"https:\/\/amgdecolombia.com\/wp-content\/uploads\/2025\/10\/BIO-FLUID_171224.png\" class=\"vc_single_image-img attachment-full\" alt=\"\" title=\"BIO FLUID_171224\" srcset=\"https:\/\/amgdecolombia.com\/wp-content\/uploads\/2025\/10\/BIO-FLUID_171224.png 1890w, https:\/\/amgdecolombia.com\/wp-content\/uploads\/2025\/10\/BIO-FLUID_171224-300x94.png 300w, https:\/\/amgdecolombia.com\/wp-content\/uploads\/2025\/10\/BIO-FLUID_171224-1024x320.png 1024w, https:\/\/amgdecolombia.com\/wp-content\/uploads\/2025\/10\/BIO-FLUID_171224-768x240.png 768w, https:\/\/amgdecolombia.com\/wp-content\/uploads\/2025\/10\/BIO-FLUID_171224-1536x480.png 1536w\" sizes=\"auto, (max-width: 1890px) 100vw, 1890px\"  data-dt-location=\"https:\/\/amgdecolombia.com\/en\/productos-y-servicios\/bio-fluid_171224\/\" \/><\/div>\n\t\t<\/figure>\n\t<\/div>\n<div id=\"ultimate-heading-45186a096632cab6e\" class=\"uvc-heading ult-adjust-bottom-margin ultimate-heading-45186a096632cab6e uvc-3531\" data-hspacer=\"no_spacer\"  data-halign=\"left\" style=\"text-align:left\"><div class=\"uvc-heading-spacer no_spacer\" style=\"top\"><\/div><div class=\"uvc-sub-heading ult-responsive\"  data-ultimate-target='.uvc-heading.ultimate-heading-45186a096632cab6e .uvc-sub-heading '  data-responsive-json-new='{\"font-size\":\"\",\"line-height\":\"\"}'  style=\"font-weight:normal;\"><\/p>\n<p style=\"text-align: justify;\">Diluent for oily sludge and treatment for the removal of organic deposits.<\/p>\n<p><\/div><\/div><\/div><\/div><\/div><div class=\"wpb_column vc_column_container vc_col-sm-4\"><div class=\"vc_column-inner\"><div class=\"wpb_wrapper\">\n\t<div  class=\"wpb_single_image wpb_content_element vc_align_center\">\n\t\t\n\t\t<figure class=\"wpb_wrapper vc_figure\">\n\t\t\t<div class=\"vc_single_image-wrapper   vc_box_border_grey\"><img loading=\"lazy\" decoding=\"async\" width=\"1890\" height=\"591\" src=\"https:\/\/amgdecolombia.com\/wp-content\/uploads\/2025\/10\/BIO-FILTER_171224.png\" class=\"vc_single_image-img attachment-full\" alt=\"\" title=\"BIO FILTER_171224\" srcset=\"https:\/\/amgdecolombia.com\/wp-content\/uploads\/2025\/10\/BIO-FILTER_171224.png 1890w, https:\/\/amgdecolombia.com\/wp-content\/uploads\/2025\/10\/BIO-FILTER_171224-300x94.png 300w, https:\/\/amgdecolombia.com\/wp-content\/uploads\/2025\/10\/BIO-FILTER_171224-1024x320.png 1024w, https:\/\/amgdecolombia.com\/wp-content\/uploads\/2025\/10\/BIO-FILTER_171224-768x240.png 768w, https:\/\/amgdecolombia.com\/wp-content\/uploads\/2025\/10\/BIO-FILTER_171224-1536x480.png 1536w\" sizes=\"auto, (max-width: 1890px) 100vw, 1890px\"  data-dt-location=\"https:\/\/amgdecolombia.com\/en\/productos-y-servicios\/bio-filter_171224\/\" \/><\/div>\n\t\t<\/figure>\n\t<\/div>\n<div id=\"ultimate-heading-21166a096632cae8c\" class=\"uvc-heading ult-adjust-bottom-margin ultimate-heading-21166a096632cae8c uvc-8953\" data-hspacer=\"no_spacer\"  data-halign=\"left\" style=\"text-align:left\"><div class=\"uvc-heading-spacer no_spacer\" style=\"top\"><\/div><div class=\"uvc-sub-heading ult-responsive\"  data-ultimate-target='.uvc-heading.ultimate-heading-21166a096632cae8c .uvc-sub-heading '  data-responsive-json-new='{\"font-size\":\"\",\"line-height\":\"\"}'  style=\"font-weight:normal;\"><\/p>\n<p style=\"text-align: justify;\">Degreaser for laboratory materials and physicochemical testing in crude oil and water.<\/p>\n<p><\/div><\/div><\/div><\/div><\/div><div class=\"wpb_column vc_column_container vc_col-sm-4\"><div class=\"vc_column-inner\"><div class=\"wpb_wrapper\">\n\t<div  class=\"wpb_single_image wpb_content_element vc_align_center\">\n\t\t\n\t\t<figure class=\"wpb_wrapper vc_figure\">\n\t\t\t<div class=\"vc_single_image-wrapper   vc_box_border_grey\"><img loading=\"lazy\" decoding=\"async\" width=\"1890\" height=\"591\" src=\"https:\/\/amgdecolombia.com\/wp-content\/uploads\/2025\/10\/BIO-DES_171224.png\" class=\"vc_single_image-img attachment-full\" alt=\"\" title=\"BIO DES_171224\" srcset=\"https:\/\/amgdecolombia.com\/wp-content\/uploads\/2025\/10\/BIO-DES_171224.png 1890w, https:\/\/amgdecolombia.com\/wp-content\/uploads\/2025\/10\/BIO-DES_171224-300x94.png 300w, https:\/\/amgdecolombia.com\/wp-content\/uploads\/2025\/10\/BIO-DES_171224-1024x320.png 1024w, https:\/\/amgdecolombia.com\/wp-content\/uploads\/2025\/10\/BIO-DES_171224-768x240.png 768w, https:\/\/amgdecolombia.com\/wp-content\/uploads\/2025\/10\/BIO-DES_171224-1536x480.png 1536w\" sizes=\"auto, (max-width: 1890px) 100vw, 1890px\"  data-dt-location=\"https:\/\/amgdecolombia.com\/en\/productos-y-servicios\/bio-des_171224\/\" \/><\/div>\n\t\t<\/figure>\n\t<\/div>\n<div id=\"ultimate-heading-14026a096632cb120\" class=\"uvc-heading ult-adjust-bottom-margin ultimate-heading-14026a096632cb120 uvc-6725\" data-hspacer=\"no_spacer\"  data-halign=\"left\" style=\"text-align:left\"><div class=\"uvc-heading-spacer no_spacer\" style=\"top\"><\/div><div class=\"uvc-sub-heading ult-responsive\"  data-ultimate-target='.uvc-heading.ultimate-heading-14026a096632cb120 .uvc-sub-heading '  data-responsive-json-new='{\"font-size\":\"\",\"line-height\":\"\"}'  style=\"font-weight:normal;\"><\/p>\n<p style=\"text-align: justify;\">Solvent for organic deposits and degreaser.<\/p>\n<p><\/div><\/div><\/div><\/div><\/div><\/div><div class=\"vc_row wpb_row vc_row-fluid vc_custom_1688592064484 vc_column-gap-35 vc_row-o-equal-height vc_row-o-content-top vc_row-flex\"><div class=\"wpb_column vc_column_container vc_col-sm-4\"><div class=\"vc_column-inner\"><div class=\"wpb_wrapper\">\n\t<div  class=\"wpb_single_image wpb_content_element vc_align_center\">\n\t\t\n\t\t<figure class=\"wpb_wrapper vc_figure\">\n\t\t\t<div class=\"vc_single_image-wrapper   vc_box_border_grey\"><img loading=\"lazy\" decoding=\"async\" width=\"1890\" height=\"591\" src=\"https:\/\/amgdecolombia.com\/wp-content\/uploads\/2025\/10\/BIO-SOLVED_171224.png\" class=\"vc_single_image-img attachment-full\" alt=\"\" title=\"BIO SOLVED_171224\" srcset=\"https:\/\/amgdecolombia.com\/wp-content\/uploads\/2025\/10\/BIO-SOLVED_171224.png 1890w, https:\/\/amgdecolombia.com\/wp-content\/uploads\/2025\/10\/BIO-SOLVED_171224-300x94.png 300w, https:\/\/amgdecolombia.com\/wp-content\/uploads\/2025\/10\/BIO-SOLVED_171224-1024x320.png 1024w, https:\/\/amgdecolombia.com\/wp-content\/uploads\/2025\/10\/BIO-SOLVED_171224-768x240.png 768w, https:\/\/amgdecolombia.com\/wp-content\/uploads\/2025\/10\/BIO-SOLVED_171224-1536x480.png 1536w\" sizes=\"auto, (max-width: 1890px) 100vw, 1890px\"  data-dt-location=\"https:\/\/amgdecolombia.com\/en\/productos-y-servicios\/bio-solved_171224\/\" \/><\/div>\n\t\t<\/figure>\n\t<\/div>\n<div id=\"ultimate-heading-6566a096632cb4fd\" class=\"uvc-heading ult-adjust-bottom-margin ultimate-heading-6566a096632cb4fd uvc-9302\" data-hspacer=\"no_spacer\"  data-halign=\"left\" style=\"text-align:left\"><div class=\"uvc-heading-spacer no_spacer\" style=\"top\"><\/div><div class=\"uvc-sub-heading ult-responsive\"  data-ultimate-target='.uvc-heading.ultimate-heading-6566a096632cb4fd .uvc-sub-heading '  data-responsive-json-new='{\"font-size\":\"\",\"line-height\":\"\"}'  style=\"font-weight:normal;\"><\/p>\n<p style=\"text-align: justify;\">Demulsifier and flow improver.<\/p>\n<p><\/div><\/div><\/div><\/div><\/div><div class=\"wpb_column vc_column_container vc_col-sm-4\"><div class=\"vc_column-inner\"><div class=\"wpb_wrapper\">\n\t<div  class=\"wpb_single_image wpb_content_element vc_align_center\">\n\t\t\n\t\t<figure class=\"wpb_wrapper vc_figure\">\n\t\t\t<div class=\"vc_single_image-wrapper   vc_box_border_grey\"><img loading=\"lazy\" decoding=\"async\" width=\"1890\" height=\"591\" src=\"https:\/\/amgdecolombia.com\/wp-content\/uploads\/2025\/10\/BIO-CLEAN-F_171224.png\" class=\"vc_single_image-img attachment-full\" alt=\"\" title=\"BIO CLEAN F_171224\" srcset=\"https:\/\/amgdecolombia.com\/wp-content\/uploads\/2025\/10\/BIO-CLEAN-F_171224.png 1890w, https:\/\/amgdecolombia.com\/wp-content\/uploads\/2025\/10\/BIO-CLEAN-F_171224-300x94.png 300w, https:\/\/amgdecolombia.com\/wp-content\/uploads\/2025\/10\/BIO-CLEAN-F_171224-1024x320.png 1024w, https:\/\/amgdecolombia.com\/wp-content\/uploads\/2025\/10\/BIO-CLEAN-F_171224-768x240.png 768w, https:\/\/amgdecolombia.com\/wp-content\/uploads\/2025\/10\/BIO-CLEAN-F_171224-1536x480.png 1536w\" sizes=\"auto, (max-width: 1890px) 100vw, 1890px\"  data-dt-location=\"https:\/\/amgdecolombia.com\/en\/productos-y-servicios\/bio-clean-f_171224\/\" \/><\/div>\n\t\t<\/figure>\n\t<\/div>\n<div id=\"ultimate-heading-91406a096632cb7fc\" class=\"uvc-heading ult-adjust-bottom-margin ultimate-heading-91406a096632cb7fc uvc-1655\" data-hspacer=\"no_spacer\"  data-halign=\"left\" style=\"text-align:left\"><div class=\"uvc-heading-spacer no_spacer\" style=\"top\"><\/div><div class=\"uvc-sub-heading ult-responsive\"  data-ultimate-target='.uvc-heading.ultimate-heading-91406a096632cb7fc .uvc-sub-heading '  data-responsive-json-new='{\"font-size\":\"\",\"line-height\":\"\"}'  style=\"font-weight:normal;\">Co-agent for filter backwashing.<\/div><\/div><\/div><\/div><\/div><div class=\"wpb_column vc_column_container vc_col-sm-4\"><div class=\"vc_column-inner\"><div class=\"wpb_wrapper\">\n\t<div  class=\"wpb_single_image wpb_content_element vc_align_center\">\n\t\t\n\t\t<figure class=\"wpb_wrapper vc_figure\">\n\t\t\t<div class=\"vc_single_image-wrapper   vc_box_border_grey\"><img loading=\"lazy\" decoding=\"async\" width=\"1890\" height=\"591\" src=\"https:\/\/amgdecolombia.com\/wp-content\/uploads\/2025\/10\/BIO-CLEAN-PW_171224.png\" class=\"vc_single_image-img attachment-full\" alt=\"\" title=\"BIO CLEAN PW_171224\" srcset=\"https:\/\/amgdecolombia.com\/wp-content\/uploads\/2025\/10\/BIO-CLEAN-PW_171224.png 1890w, https:\/\/amgdecolombia.com\/wp-content\/uploads\/2025\/10\/BIO-CLEAN-PW_171224-300x94.png 300w, https:\/\/amgdecolombia.com\/wp-content\/uploads\/2025\/10\/BIO-CLEAN-PW_171224-1024x320.png 1024w, https:\/\/amgdecolombia.com\/wp-content\/uploads\/2025\/10\/BIO-CLEAN-PW_171224-768x240.png 768w, https:\/\/amgdecolombia.com\/wp-content\/uploads\/2025\/10\/BIO-CLEAN-PW_171224-1536x480.png 1536w\" sizes=\"auto, (max-width: 1890px) 100vw, 1890px\"  data-dt-location=\"https:\/\/amgdecolombia.com\/en\/productos-y-servicios\/bio-clean-pw_171224\/\" \/><\/div>\n\t\t<\/figure>\n\t<\/div>\n<div id=\"ultimate-heading-46916a096632cbb2c\" class=\"uvc-heading ult-adjust-bottom-margin ultimate-heading-46916a096632cbb2c uvc-236\" data-hspacer=\"no_spacer\"  data-halign=\"left\" style=\"text-align:left\"><div class=\"uvc-heading-spacer no_spacer\" style=\"top\"><\/div><div class=\"uvc-sub-heading ult-responsive\"  data-ultimate-target='.uvc-heading.ultimate-heading-46916a096632cbb2c .uvc-sub-heading '  data-responsive-json-new='{\"font-size\":\"\",\"line-height\":\"\"}'  style=\"font-weight:normal;\"><\/p>\n<p style=\"text-align: justify;\">Inorganic scale remover.<\/p>\n<p><\/div><\/div><\/div><\/div><\/div><\/div>\n<\/div>","protected":false},"excerpt":{"rendered":"<p>AMG de Colombia es una empresa 100\u202f% colombiana, con m\u00e1s de 20 a\u00f1os de experiencia en el desarrollo y suministro de soluciones qu\u00edmicas para sectores industriales y de Oil &amp; Gas. Se especializan en el dise\u00f1o e implementaci\u00f3n de procesos para mantenimiento, transporte y tratamiento de fluidos, cumpliendo con est\u00e1ndares internacionales como ISO\u202f9001, ISO\u202f14001 e&hellip;<\/p>","protected":false},"author":2,"featured_media":0,"parent":0,"menu_order":0,"comment_status":"closed","ping_status":"closed","template":"","meta":{"footnotes":""},"class_list":["post-194","page","type-page","status-publish","hentry","description-off"],"_links":{"self":[{"href":"https:\/\/amgdecolombia.com\/en\/wp-json\/wp\/v2\/pages\/194","targetHints":{"allow":["GET"]}}],"collection":[{"href":"https:\/\/amgdecolombia.com\/en\/wp-json\/wp\/v2\/pages"}],"about":[{"href":"https:\/\/amgdecolombia.com\/en\/wp-json\/wp\/v2\/types\/page"}],"author":[{"embeddable":true,"href":"https:\/\/amgdecolombia.com\/en\/wp-json\/wp\/v2\/users\/2"}],"replies":[{"embeddable":true,"href":"https:\/\/amgdecolombia.com\/en\/wp-json\/wp\/v2\/comments?post=194"}],"version-history":[{"count":17,"href":"https:\/\/amgdecolombia.com\/en\/wp-json\/wp\/v2\/pages\/194\/revisions"}],"predecessor-version":[{"id":970,"href":"https:\/\/amgdecolombia.com\/en\/wp-json\/wp\/v2\/pages\/194\/revisions\/970"}],"wp:attachment":[{"href":"https:\/\/amgdecolombia.com\/en\/wp-json\/wp\/v2\/media?parent=194"}],"curies":[{"name":"wp","href":"https:\/\/api.w.org\/{rel}","templated":true}]}}