{"id":219,"date":"2023-04-04T18:26:58","date_gmt":"2023-04-04T23:26:58","guid":{"rendered":"https:\/\/metro01.evolucionti.com\/?page_id=219"},"modified":"2026-02-17T15:10:24","modified_gmt":"2026-02-17T20:10:24","slug":"industrial-y-minero","status":"publish","type":"page","link":"https:\/\/amgdecolombia.com\/en\/industrial-y-minero\/","title":{"rendered":"Industrial &amp; mining"},"content":{"rendered":"<div class=\"wpb-content-wrapper\"><div class=\"vc_row wpb_row vc_row-fluid customcard_title vc_custom_1759696167889 vc_row-has-fill\"><div class=\"wpb_column vc_column_container vc_col-sm-12\"><div class=\"vc_column-inner\"><div class=\"wpb_wrapper\"><div id=\"ultimate-heading-63896a09662cc2508\" class=\"uvc-heading ult-adjust-bottom-margin ultimate-heading-63896a09662cc2508 uvc-2980\" data-hspacer=\"no_spacer\"  data-halign=\"center\" style=\"text-align:center\"><div class=\"uvc-heading-spacer no_spacer\" style=\"top\"><\/div><div class=\"uvc-main-heading ult-responsive\"  data-ultimate-target='.uvc-heading.ultimate-heading-63896a09662cc2508 h2'  data-responsive-json-new='{\"font-size\":\"desktop:45px;\",\"line-height\":\"\"}' ><h2 style=\"font-family:&#039;Montserrat&#039;;font-weight:600;color:#FFFFFF;\">Industrial &amp; mining<\/h2><\/div><\/div><\/div><\/div><\/div><\/div><div class=\"vc_row wpb_row vc_row-fluid\"><div class=\"wpb_column vc_column_container vc_col-sm-12\"><div class=\"vc_column-inner\"><div class=\"wpb_wrapper\">\n\t<div class=\"wpb_text_column wpb_content_element\" >\n\t\t<div class=\"wpb_wrapper\">\n\t\t\t<p>En el \u00e1mbito industrial y minero, <strong>AMG de Colombia<\/strong> proporciona productos dise\u00f1ados para optimizar operaciones de mantenimiento, limpieza y preservaci\u00f3n de maquinaria pesada, equipos de transporte, cintas transportadoras, tanques, intercambiadores y estructuras met\u00e1licas expuestas a ambientes severos.<\/p>\n<p>Las industrias extractivas y de transformaci\u00f3n requieren productos seguros, eficaces y f\u00e1ciles de aplicar, que no comprometan la integridad de los materiales ni el medio ambiente. Los productos de AMG de Colombia cumplen con estos requerimientos gracias a su formulaci\u00f3n biodegradable, libre de solventes agresivos y con alta capacidad de desincrustaci\u00f3n.<br \/>\nGracias a estas soluciones, se mejora la disponibilidad operativa de los equipos, se alargan los ciclos de mantenimiento y se cumplen las exigencias ambientales de sectores altamente regulados como el minero.<\/p>\n\n\t\t<\/div>\n\t<\/div>\n<\/div><\/div><\/div><\/div><div class=\"vc_row wpb_row vc_row-fluid vc_custom_1680648501791 vc_column-gap-35 vc_row-o-equal-height vc_row-o-content-top vc_row-flex\"><div class=\"wpb_column vc_column_container vc_col-sm-4\"><div class=\"vc_column-inner\"><div class=\"wpb_wrapper\">\n\t<div  class=\"wpb_single_image wpb_content_element vc_align_center\">\n\t\t\n\t\t<figure class=\"wpb_wrapper vc_figure\">\n\t\t\t<div class=\"vc_single_image-wrapper   vc_box_border_grey\"><img loading=\"lazy\" decoding=\"async\" width=\"1890\" height=\"591\" src=\"https:\/\/amgdecolombia.com\/wp-content\/uploads\/2025\/10\/BIO-CITRUS_171224.png\" class=\"vc_single_image-img attachment-full\" alt=\"\" title=\"BIO CITRUS_171224\" srcset=\"https:\/\/amgdecolombia.com\/wp-content\/uploads\/2025\/10\/BIO-CITRUS_171224.png 1890w, https:\/\/amgdecolombia.com\/wp-content\/uploads\/2025\/10\/BIO-CITRUS_171224-300x94.png 300w, https:\/\/amgdecolombia.com\/wp-content\/uploads\/2025\/10\/BIO-CITRUS_171224-1024x320.png 1024w, https:\/\/amgdecolombia.com\/wp-content\/uploads\/2025\/10\/BIO-CITRUS_171224-768x240.png 768w, https:\/\/amgdecolombia.com\/wp-content\/uploads\/2025\/10\/BIO-CITRUS_171224-1536x480.png 1536w\" sizes=\"auto, (max-width: 1890px) 100vw, 1890px\"  data-dt-location=\"https:\/\/amgdecolombia.com\/en\/industrial-y-minero\/bio-citrus_171224\/\" \/><\/div>\n\t\t<\/figure>\n\t<\/div>\n\n\t<div class=\"wpb_text_column wpb_content_element\" >\n\t\t<div class=\"wpb_wrapper\">\n\t\t\t<p>Biodegradable Water-Soluble Degreaser<br \/>\nPremio INNOVA<\/p>\n\n\t\t<\/div>\n\t<\/div>\n<\/div><\/div><\/div><div class=\"wpb_column vc_column_container vc_col-sm-4\"><div class=\"vc_column-inner\"><div class=\"wpb_wrapper\">\n\t<div  class=\"wpb_single_image wpb_content_element vc_align_center\">\n\t\t\n\t\t<figure class=\"wpb_wrapper vc_figure\">\n\t\t\t<div class=\"vc_single_image-wrapper   vc_box_border_grey\"><img loading=\"lazy\" decoding=\"async\" width=\"1890\" height=\"591\" src=\"https:\/\/amgdecolombia.com\/wp-content\/uploads\/2025\/10\/BIO-DES_171224.png\" class=\"vc_single_image-img attachment-full\" alt=\"\" title=\"BIO DES_171224\" srcset=\"https:\/\/amgdecolombia.com\/wp-content\/uploads\/2025\/10\/BIO-DES_171224.png 1890w, https:\/\/amgdecolombia.com\/wp-content\/uploads\/2025\/10\/BIO-DES_171224-300x94.png 300w, https:\/\/amgdecolombia.com\/wp-content\/uploads\/2025\/10\/BIO-DES_171224-1024x320.png 1024w, https:\/\/amgdecolombia.com\/wp-content\/uploads\/2025\/10\/BIO-DES_171224-768x240.png 768w, https:\/\/amgdecolombia.com\/wp-content\/uploads\/2025\/10\/BIO-DES_171224-1536x480.png 1536w\" sizes=\"auto, (max-width: 1890px) 100vw, 1890px\"  data-dt-location=\"https:\/\/amgdecolombia.com\/en\/productos-y-servicios\/bio-des_171224\/\" \/><\/div>\n\t\t<\/figure>\n\t<\/div>\n<div id=\"ultimate-heading-13056a09662cc3558\" class=\"uvc-heading ult-adjust-bottom-margin ultimate-heading-13056a09662cc3558 uvc-5080\" data-hspacer=\"no_spacer\"  data-halign=\"left\" style=\"text-align:left\"><div class=\"uvc-heading-spacer no_spacer\" style=\"top\"><\/div><div class=\"uvc-sub-heading ult-responsive\"  data-ultimate-target='.uvc-heading.ultimate-heading-13056a09662cc3558 .uvc-sub-heading '  data-responsive-json-new='{\"font-size\":\"\",\"line-height\":\"\"}'  style=\"font-weight:normal;\">Heavy-duty degreaser (removes grease and dirt from all types of machinery, tools, and tanks).<\/div><\/div><\/div><\/div><\/div><div class=\"wpb_column vc_column_container vc_col-sm-4\"><div class=\"vc_column-inner\"><div class=\"wpb_wrapper\">\n\t<div  class=\"wpb_single_image wpb_content_element vc_align_center\">\n\t\t\n\t\t<figure class=\"wpb_wrapper vc_figure\">\n\t\t\t<div class=\"vc_single_image-wrapper   vc_box_border_grey\"><img loading=\"lazy\" decoding=\"async\" width=\"1182\" height=\"355\" src=\"https:\/\/amgdecolombia.com\/wp-content\/uploads\/2026\/02\/BioRemove.png\" class=\"vc_single_image-img attachment-full\" alt=\"\" title=\"BioRemove\" srcset=\"https:\/\/amgdecolombia.com\/wp-content\/uploads\/2026\/02\/BioRemove.png 1182w, https:\/\/amgdecolombia.com\/wp-content\/uploads\/2026\/02\/BioRemove-300x90.png 300w, https:\/\/amgdecolombia.com\/wp-content\/uploads\/2026\/02\/BioRemove-1024x308.png 1024w, https:\/\/amgdecolombia.com\/wp-content\/uploads\/2026\/02\/BioRemove-768x231.png 768w, https:\/\/amgdecolombia.com\/wp-content\/uploads\/2026\/02\/BioRemove-18x5.png 18w\" sizes=\"auto, (max-width: 1182px) 100vw, 1182px\"  data-dt-location=\"https:\/\/amgdecolombia.com\/en\/industrial-y-minero\/bioremove-2\/\" \/><\/div>\n\t\t<\/figure>\n\t<\/div>\n\n\t<div class=\"wpb_text_column wpb_content_element\" >\n\t\t<div class=\"wpb_wrapper\">\n\t\t\t<p>Water-soluble degreaser and oxide remover.<\/p>\n\n\t\t<\/div>\n\t<\/div>\n<\/div><\/div><\/div><\/div><div class=\"vc_row wpb_row vc_row-fluid vc_custom_1680648501791 vc_column-gap-35 vc_row-o-equal-height vc_row-o-content-top vc_row-flex\"><div class=\"wpb_column vc_column_container vc_col-sm-4\"><div class=\"vc_column-inner\"><div class=\"wpb_wrapper\"><\/div><\/div><\/div><div class=\"wpb_column vc_column_container vc_col-sm-4\"><div class=\"vc_column-inner\"><div class=\"wpb_wrapper\">\n\t<div  class=\"wpb_single_image wpb_content_element vc_align_center\">\n\t\t\n\t\t<figure class=\"wpb_wrapper vc_figure\">\n\t\t\t<div class=\"vc_single_image-wrapper   vc_box_border_grey\"><img loading=\"lazy\" decoding=\"async\" width=\"1182\" height=\"355\" src=\"https:\/\/amgdecolombia.com\/wp-content\/uploads\/2026\/02\/BioElectric-1.png\" class=\"vc_single_image-img attachment-full\" alt=\"\" title=\"BioElectric (1)\" srcset=\"https:\/\/amgdecolombia.com\/wp-content\/uploads\/2026\/02\/BioElectric-1.png 1182w, https:\/\/amgdecolombia.com\/wp-content\/uploads\/2026\/02\/BioElectric-1-300x90.png 300w, https:\/\/amgdecolombia.com\/wp-content\/uploads\/2026\/02\/BioElectric-1-1024x308.png 1024w, https:\/\/amgdecolombia.com\/wp-content\/uploads\/2026\/02\/BioElectric-1-768x231.png 768w, https:\/\/amgdecolombia.com\/wp-content\/uploads\/2026\/02\/BioElectric-1-18x5.png 18w\" sizes=\"auto, (max-width: 1182px) 100vw, 1182px\"  data-dt-location=\"https:\/\/amgdecolombia.com\/en\/industrial-y-minero\/bioelectric-1\/\" \/><\/div>\n\t\t<\/figure>\n\t<\/div>\n<div id=\"ultimate-heading-15666a09662cc3d9e\" class=\"uvc-heading ult-adjust-bottom-margin ultimate-heading-15666a09662cc3d9e uvc-8903\" data-hspacer=\"no_spacer\"  data-halign=\"left\" style=\"text-align:left\"><div class=\"uvc-heading-spacer no_spacer\" style=\"top\"><\/div><div class=\"uvc-sub-heading ult-responsive\"  data-ultimate-target='.uvc-heading.ultimate-heading-15666a09662cc3d9e .uvc-sub-heading '  data-responsive-json-new='{\"font-size\":\"\",\"line-height\":\"\"}'  style=\"font-weight:normal;\"><\/p>\n<p style=\"text-align: justify;\">BIO ELECTRIC<br \/>\nDielectric degreaser.<\/div><\/div><\/div><\/div><\/div><div class=\"wpb_column vc_column_container vc_col-sm-4\"><div class=\"vc_column-inner\"><div class=\"wpb_wrapper\"><\/div><\/div><\/div><\/div>\n<\/div>","protected":false},"excerpt":{"rendered":"<p>Industrial y Minero En el \u00e1mbito industrial y minero, AMG de Colombia proporciona productos dise\u00f1ados para optimizar operaciones de mantenimiento, limpieza y preservaci\u00f3n de maquinaria pesada, equipos de transporte, cintas transportadoras, tanques, intercambiadores y estructuras met\u00e1licas expuestas a ambientes severos. Las industrias extractivas y de transformaci\u00f3n requieren productos seguros, eficaces y f\u00e1ciles de aplicar, que&hellip;<\/p>","protected":false},"author":2,"featured_media":0,"parent":0,"menu_order":0,"comment_status":"closed","ping_status":"closed","template":"","meta":{"footnotes":""},"class_list":["post-219","page","type-page","status-publish","hentry","description-off"],"_links":{"self":[{"href":"https:\/\/amgdecolombia.com\/en\/wp-json\/wp\/v2\/pages\/219","targetHints":{"allow":["GET"]}}],"collection":[{"href":"https:\/\/amgdecolombia.com\/en\/wp-json\/wp\/v2\/pages"}],"about":[{"href":"https:\/\/amgdecolombia.com\/en\/wp-json\/wp\/v2\/types\/page"}],"author":[{"embeddable":true,"href":"https:\/\/amgdecolombia.com\/en\/wp-json\/wp\/v2\/users\/2"}],"replies":[{"embeddable":true,"href":"https:\/\/amgdecolombia.com\/en\/wp-json\/wp\/v2\/comments?post=219"}],"version-history":[{"count":17,"href":"https:\/\/amgdecolombia.com\/en\/wp-json\/wp\/v2\/pages\/219\/revisions"}],"predecessor-version":[{"id":1004,"href":"https:\/\/amgdecolombia.com\/en\/wp-json\/wp\/v2\/pages\/219\/revisions\/1004"}],"wp:attachment":[{"href":"https:\/\/amgdecolombia.com\/en\/wp-json\/wp\/v2\/media?parent=219"}],"curies":[{"name":"wp","href":"https:\/\/api.w.org\/{rel}","templated":true}]}}