{"id":241,"date":"2023-04-04T18:42:17","date_gmt":"2023-04-04T23:42:17","guid":{"rendered":"https:\/\/metro01.evolucionti.com\/?page_id=241"},"modified":"2025-10-17T15:24:08","modified_gmt":"2025-10-17T20:24:08","slug":"ambiental","status":"publish","type":"page","link":"https:\/\/amgdecolombia.com\/en\/ambiental\/","title":{"rendered":"Enviroment"},"content":{"rendered":"<div class=\"wpb-content-wrapper\"><div class=\"vc_row wpb_row vc_row-fluid customcard_title vc_custom_1760212780299 vc_row-has-fill\"><div class=\"wpb_column vc_column_container vc_col-sm-12\"><div class=\"vc_column-inner\"><div class=\"wpb_wrapper\"><div id=\"ultimate-heading-78296a09661fe4b3b\" class=\"uvc-heading ult-adjust-bottom-margin ultimate-heading-78296a09661fe4b3b uvc-6027\" data-hspacer=\"no_spacer\"  data-halign=\"center\" style=\"text-align:center\"><div class=\"uvc-heading-spacer no_spacer\" style=\"top\"><\/div><div class=\"uvc-main-heading ult-responsive\"  data-ultimate-target='.uvc-heading.ultimate-heading-78296a09661fe4b3b h2'  data-responsive-json-new='{\"font-size\":\"desktop:45px;\",\"line-height\":\"\"}' ><h2 style=\"font-family:&#039;Montserrat&#039;;font-weight:600;color:#FFFFFF;\">Environmental Responsibility<\/h2><\/div><\/div><\/div><\/div><\/div><\/div><div class=\"vc_row wpb_row vc_row-fluid vc_custom_1680644937858\"><div class=\"wpb_column vc_column_container vc_col-sm-12\"><div class=\"vc_column-inner\"><div class=\"wpb_wrapper\"><div id=\"ultimate-heading-30546a09661fe4e50\" class=\"uvc-heading ult-adjust-bottom-margin ultimate-heading-30546a09661fe4e50 uvc-4680\" data-hspacer=\"no_spacer\"  data-halign=\"left\" style=\"text-align:left\"><div class=\"uvc-heading-spacer no_spacer\" style=\"top\"><\/div><div class=\"uvc-sub-heading ult-responsive\"  data-ultimate-target='.uvc-heading.ultimate-heading-30546a09661fe4e50 .uvc-sub-heading '  data-responsive-json-new='{\"font-size\":\"\",\"line-height\":\"\"}'  style=\"font-weight:normal;\">In <strong>AMG de Colombia<\/strong>, elaboramos y distribuimos productos con altos est\u00e1ndares de calidad, a trav\u00e9s de procesos y operaciones eficientes que promueven el uso responsable de los recursos y minimizan el impacto ambiental.<\/p>\n<p>Nuestra gesti\u00f3n ambiental est\u00e1 orientada a prevenir, controlar, mitigar y compensar los posibles efectos de nuestras actividades y productos, con el prop\u00f3sito de fortalecer la sostenibilidad y aportar a la mejora continua de la calidad en AMG.<\/div><\/div><\/div><\/div><\/div><\/div><div class=\"vc_row wpb_row vc_row-fluid customcard_title vc_custom_1760212952689 vc_row-has-fill\"><div class=\"wpb_column vc_column_container vc_col-sm-12\"><div class=\"vc_column-inner\"><div class=\"wpb_wrapper\"><div id=\"ultimate-heading-90416a09661fe4faa\" class=\"uvc-heading ult-adjust-bottom-margin ultimate-heading-90416a09661fe4faa uvc-6318\" data-hspacer=\"no_spacer\"  data-halign=\"center\" style=\"text-align:center\"><div class=\"uvc-heading-spacer no_spacer\" style=\"top\"><\/div><div class=\"uvc-main-heading ult-responsive\"  data-ultimate-target='.uvc-heading.ultimate-heading-90416a09661fe4faa h2'  data-responsive-json-new='{\"font-size\":\"desktop:45px;\",\"line-height\":\"\"}' ><h2 style=\"font-family:&#039;Montserrat&#039;;font-weight:600;color:#FFFFFF;\">At AMG de Colombia S.A.S., we protect the environment.<\/h2><\/div><\/div><\/div><\/div><\/div><\/div><div class=\"vc_row wpb_row vc_row-fluid vc_custom_1680644983352 vc_column-gap-35\"><div class=\"wpb_column vc_column_container vc_col-sm-12\"><div class=\"vc_column-inner\"><div class=\"wpb_wrapper\"><style type=\"text\/css\" data-type=\"the7_shortcodes-inline-css\">.gallery-carousel-shortcode.gallery-carousel-shortcode-id-6dd6a43df299ddd7533dbb87aaeb2b4a.owl-carousel .owl-nav div {\n  width: 36px;\n  height: 36px;\n  border-radius: 500px;\n}\n.dt-arrow-border-on.gallery-carousel-shortcode.gallery-carousel-shortcode-id-6dd6a43df299ddd7533dbb87aaeb2b4a.owl-carousel .owl-nav div:not(:hover):before {\n  border-width: 0px;\n}\n.dt-arrow-hover-border-on.gallery-carousel-shortcode.gallery-carousel-shortcode-id-6dd6a43df299ddd7533dbb87aaeb2b4a.owl-carousel .owl-nav div:hover:after {\n  border-width: 0px;\n}\n.gallery-carousel-shortcode.gallery-carousel-shortcode-id-6dd6a43df299ddd7533dbb87aaeb2b4a.owl-carousel .owl-nav div.owl-prev {\n  top: 50%;\n  transform: translateY(calc(-50% + 0px));\n  left: -43px;\n}\n@media all and (-ms-high-contrast: none) {\n  .gallery-carousel-shortcode.gallery-carousel-shortcode-id-6dd6a43df299ddd7533dbb87aaeb2b4a.owl-carousel .owl-nav div.owl-prev {\n    transform: translateY(-50%);\n    margin-top: 0px;\n  }\n}\n.gallery-carousel-shortcode.gallery-carousel-shortcode-id-6dd6a43df299ddd7533dbb87aaeb2b4a.owl-carousel .owl-nav div.owl-prev i {\n  padding: 0px 0px 0px 0px;\n}\n.gallery-carousel-shortcode.gallery-carousel-shortcode-id-6dd6a43df299ddd7533dbb87aaeb2b4a.owl-carousel .owl-nav div.owl-next {\n  top: 50%;\n  transform: translateY(calc(-50% + 0px));\n  right: -43px;\n}\n@media all and (-ms-high-contrast: none) {\n  .gallery-carousel-shortcode.gallery-carousel-shortcode-id-6dd6a43df299ddd7533dbb87aaeb2b4a.owl-carousel .owl-nav div.owl-next {\n    transform: translateY(-50%);\n    margin-top: 0px;\n  }\n}\n.gallery-carousel-shortcode.gallery-carousel-shortcode-id-6dd6a43df299ddd7533dbb87aaeb2b4a.owl-carousel .owl-nav div.owl-next i {\n  padding: 0px 0px 0px 0px;\n}\n.gallery-carousel-shortcode.gallery-carousel-shortcode-id-6dd6a43df299ddd7533dbb87aaeb2b4a.owl-carousel .owl-nav i {\n  font-size: 18px;\n}\n.gallery-carousel-shortcode.gallery-carousel-shortcode-id-6dd6a43df299ddd7533dbb87aaeb2b4a.owl-carousel .owl-nav div:not(:hover) i,\n.gallery-carousel-shortcode.gallery-carousel-shortcode-id-6dd6a43df299ddd7533dbb87aaeb2b4a.owl-carousel .owl-nav div:not(:hover) i:before {\n  color: #ffffff;\n  background: none;\n}\n.gallery-carousel-shortcode.gallery-carousel-shortcode-id-6dd6a43df299ddd7533dbb87aaeb2b4a.owl-carousel .owl-nav div:hover i,\n.gallery-carousel-shortcode.gallery-carousel-shortcode-id-6dd6a43df299ddd7533dbb87aaeb2b4a.owl-carousel .owl-nav div:hover i:before {\n  color: rgba(255,255,255,0.75);\n  background: none;\n}\n.gallery-carousel-shortcode.gallery-carousel-shortcode-id-6dd6a43df299ddd7533dbb87aaeb2b4a .owl-dots {\n  top: calc(100% + 20px);\n  left: 50%;\n  transform: translateX(calc(-50% + 0px));\n}\n@media all and (-ms-high-contrast: none) {\n  .gallery-carousel-shortcode.gallery-carousel-shortcode-id-6dd6a43df299ddd7533dbb87aaeb2b4a .owl-dots {\n    transform: translateX(-50%);\n    margin-left: 0px;\n  }\n}\n.gallery-carousel-shortcode.gallery-carousel-shortcode-id-6dd6a43df299ddd7533dbb87aaeb2b4a .owl-dot {\n  width: 10px;\n  height: 10px;\n  margin: 0 8px;\n}\n@media screen and (max-width: 778px) {\n  .gallery-carousel-shortcode.gallery-carousel-shortcode-id-6dd6a43df299ddd7533dbb87aaeb2b4a.hide-arrows .owl-nav a {\n    display: none;\n  }\n}\n@media screen and (max-width: 778px) {\n  .gallery-carousel-shortcode.gallery-carousel-shortcode-id-6dd6a43df299ddd7533dbb87aaeb2b4a.reposition-arrows .owl-nav .owl-prev {\n    top: 50%;\n    transform: translateY(calc(-50% + 0px));\n    left: 10px;\n  }\n  .gallery-carousel-shortcode.gallery-carousel-shortcode-id-6dd6a43df299ddd7533dbb87aaeb2b4a.reposition-arrows .owl-nav .owl-next {\n    top: 50%;\n    transform: translateY(calc(-50% + 0px));\n    right: 10px;\n  }\n}\n@media screen and (max-width: 778px) and all and (-ms-high-contrast: none) {\n  .gallery-carousel-shortcode.gallery-carousel-shortcode-id-6dd6a43df299ddd7533dbb87aaeb2b4a.reposition-arrows .owl-nav .owl-prev {\n    transform: translateY(-50%);\n    margin-top: 0px;\n  }\n}\n@media screen and (max-width: 778px) and all and (-ms-high-contrast: none) {\n  .gallery-carousel-shortcode.gallery-carousel-shortcode-id-6dd6a43df299ddd7533dbb87aaeb2b4a.reposition-arrows .owl-nav .owl-next {\n    transform: translateY(-50%);\n    margin-top: 0px;\n  }\n}\n.gallery-carousel-shortcode.gallery-carousel-shortcode-id-6dd6a43df299ddd7533dbb87aaeb2b4a figure,\n.gallery-carousel-shortcode.gallery-carousel-shortcode-id-6dd6a43df299ddd7533dbb87aaeb2b4a .rollover,\n.gallery-carousel-shortcode.gallery-carousel-shortcode-id-6dd6a43df299ddd7533dbb87aaeb2b4a img,\n.gallery-carousel-shortcode.gallery-carousel-shortcode-id-6dd6a43df299ddd7533dbb87aaeb2b4a .gallery-rollover {\n  border-radius: 0px;\n}\n.gallery-carousel-shortcode.gallery-carousel-shortcode-id-6dd6a43df299ddd7533dbb87aaeb2b4a.enable-bg-rollover .gallery-rollover {\n  background: -webkit-linear-gradient();\n  background: linear-gradient();\n}\n.gallery-carousel-shortcode.gallery-carousel-shortcode-id-6dd6a43df299ddd7533dbb87aaeb2b4a.enable-img-shadow .owl-stage-outer {\n  padding: 14px 0;\n}\n.gallery-carousel-shortcode.gallery-carousel-shortcode-id-6dd6a43df299ddd7533dbb87aaeb2b4a.enable-bg-rollover.hover-scale figure .rollover:after {\n  background: -webkit-linear-gradient();\n  background: linear-gradient();\n}\n.gallery-carousel-shortcode.gallery-carousel-shortcode-id-6dd6a43df299ddd7533dbb87aaeb2b4a.gallery-shortcode .gallery-zoom-ico {\n  width: 44px;\n  height: 44px;\n  line-height: 44px;\n  border-radius: 100px;\n  margin: -22px 0 0 -22px;\n  border-width: 0px;\n}\n.dt-icon-bg-on.gallery-carousel-shortcode.gallery-carousel-shortcode-id-6dd6a43df299ddd7533dbb87aaeb2b4a.gallery-shortcode .gallery-zoom-ico {\n  background: rgba(255,255,255,0.3);\n  box-shadow: none;\n}\n.gallery-carousel-shortcode.gallery-carousel-shortcode-id-6dd6a43df299ddd7533dbb87aaeb2b4a.gallery-shortcode .gallery-zoom-ico:before,\n.gallery-carousel-shortcode.gallery-carousel-shortcode-id-6dd6a43df299ddd7533dbb87aaeb2b4a.gallery-shortcode .gallery-zoom-ico span {\n  font-size: 32px;\n  line-height: 44px;\n  color: #ffffff;\n  background: none;\n}<\/style><div class=\"owl-carousel gallery-carousel-shortcode gallery-shortcode  dt-gallery-container dt-owl-carousel-call gallery-carousel-shortcode-id-6dd6a43df299ddd7533dbb87aaeb2b4a quick-scale-img enable-bg-rollover meta-info-off dt-arrow-border-on dt-arrow-hover-border-on bullets-small-dot-stroke reposition-arrows dt-icon-bg-off arrows-bg-on disable-arrows-hover-bg arrows-hover-bg-on  hover-fade\" data-scroll-mode=\"1\" data-col-num=\"3\" data-wide-col-num=\"3\" data-laptop-col=\"3\" data-h-tablet-columns-num=\"3\" data-v-tablet-columns-num=\"2\" data-phone-columns-num=\"1\" data-col-gap=\"10\" data-stage-padding=\"0\" data-speed=\"600\" data-autoplay=\"true\" data-autoplay_speed=\"6000\" data-arrows=\"true\" data-bullet=\"false\" data-next-icon=\"icon-ar-017-r\" data-prev-icon=\"icon-ar-017-l\" data-img-shadow-size=\"12px\" data-img-shadow-spread=\"3px\"><div data-post-id=\"242\" data-date=\"2023-04-04T18:41:29-05:00\" data-name=\"ResponsabilidadAmbiental01\"><figure class=\"post\"><a href=\"https:\/\/amgdecolombia.com\/wp-content\/uploads\/2023\/04\/ResponsabilidadAmbiental01.jpg\" class=\"rollover dt-pswp-item layzr-bg\" data-large_image_width=\"1056\" data-large_image_height=\"784\" data-dt-img-description=\"\" title=\"ResponsabilidadAmbiental01\"><img fetchpriority=\"high\" decoding=\"async\" class=\"preload-me owl-lazy-load aspect\" src=\"data:image\/svg+xml,%3Csvg%20xmlns%3D&#39;http%3A%2F%2Fwww.w3.org%2F2000%2Fsvg&#39;%20viewBox%3D&#39;0%200%20784%20784&#39;%2F%3E\" data-src=\"https:\/\/amgdecolombia.com\/wp-content\/uploads\/2023\/04\/ResponsabilidadAmbiental01-784x784.jpg\" data-srcset=\"https:\/\/amgdecolombia.com\/wp-content\/uploads\/2023\/04\/ResponsabilidadAmbiental01-784x784.jpg 784w\" loading=\"eager\" style=\"--ratio: 784 \/ 784\" sizes=\"(max-width: 784px) 100vw, 784px\" alt=\"\" width=\"784\" height=\"784\"  \/><span class=\"gallery-rollover\"><span class=\"gallery-zoom-ico icomoon-the7-font-the7-zoom-06\"><span><\/span><\/span><\/span><\/a><\/figure><\/div><div data-post-id=\"248\" data-date=\"2023-04-04T18:41:34-05:00\" data-name=\"ResponsabilidadAmbiental07\"><figure class=\"post\"><a href=\"https:\/\/amgdecolombia.com\/wp-content\/uploads\/2023\/04\/ResponsabilidadAmbiental07.jpg\" class=\"rollover dt-pswp-item layzr-bg\" data-large_image_width=\"711\" data-large_image_height=\"1280\" data-dt-img-description=\"\" title=\"ResponsabilidadAmbiental07\"><img decoding=\"async\" class=\"preload-me owl-lazy-load aspect\" src=\"data:image\/svg+xml,%3Csvg%20xmlns%3D&#39;http%3A%2F%2Fwww.w3.org%2F2000%2Fsvg&#39;%20viewBox%3D&#39;0%200%20711%20711&#39;%2F%3E\" data-src=\"https:\/\/amgdecolombia.com\/wp-content\/uploads\/2023\/04\/ResponsabilidadAmbiental07-711x711.jpg\" data-srcset=\"https:\/\/amgdecolombia.com\/wp-content\/uploads\/2023\/04\/ResponsabilidadAmbiental07-711x711.jpg 711w\" loading=\"eager\" style=\"--ratio: 711 \/ 711\" sizes=\"(max-width: 711px) 100vw, 711px\" alt=\"\" width=\"711\" height=\"711\"  \/><span class=\"gallery-rollover\"><span class=\"gallery-zoom-ico icomoon-the7-font-the7-zoom-06\"><span><\/span><\/span><\/span><\/a><\/figure><\/div><div data-post-id=\"247\" data-date=\"2023-04-04T18:41:33-05:00\" data-name=\"ResponsabilidadAmbiental06\"><figure class=\"post\"><a href=\"https:\/\/amgdecolombia.com\/wp-content\/uploads\/2023\/04\/ResponsabilidadAmbiental06.jpg\" class=\"rollover dt-pswp-item layzr-bg\" data-large_image_width=\"957\" data-large_image_height=\"1280\" data-dt-img-description=\"\" title=\"ResponsabilidadAmbiental06\"><img decoding=\"async\" class=\"preload-me owl-lazy-load aspect\" src=\"data:image\/svg+xml,%3Csvg%20xmlns%3D&#39;http%3A%2F%2Fwww.w3.org%2F2000%2Fsvg&#39;%20viewBox%3D&#39;0%200%20957%20957&#39;%2F%3E\" data-src=\"https:\/\/amgdecolombia.com\/wp-content\/uploads\/2023\/04\/ResponsabilidadAmbiental06-957x957.jpg\" data-srcset=\"https:\/\/amgdecolombia.com\/wp-content\/uploads\/2023\/04\/ResponsabilidadAmbiental06-957x957.jpg 957w\" loading=\"eager\" style=\"--ratio: 957 \/ 957\" sizes=\"(max-width: 957px) 100vw, 957px\" alt=\"\" width=\"957\" height=\"957\"  \/><span class=\"gallery-rollover\"><span class=\"gallery-zoom-ico icomoon-the7-font-the7-zoom-06\"><span><\/span><\/span><\/span><\/a><\/figure><\/div><div data-post-id=\"246\" data-date=\"2023-04-04T18:41:32-05:00\" data-name=\"ResponsabilidadAmbiental05\"><figure class=\"post\"><a href=\"https:\/\/amgdecolombia.com\/wp-content\/uploads\/2023\/04\/ResponsabilidadAmbiental05.jpg\" class=\"rollover dt-pswp-item layzr-bg\" data-large_image_width=\"957\" data-large_image_height=\"1280\" data-dt-img-description=\"\" title=\"ResponsabilidadAmbiental05\"><img decoding=\"async\" class=\"preload-me owl-lazy-load aspect\" src=\"data:image\/svg+xml,%3Csvg%20xmlns%3D&#39;http%3A%2F%2Fwww.w3.org%2F2000%2Fsvg&#39;%20viewBox%3D&#39;0%200%20957%20957&#39;%2F%3E\" data-src=\"https:\/\/amgdecolombia.com\/wp-content\/uploads\/2023\/04\/ResponsabilidadAmbiental05-957x957.jpg\" data-srcset=\"https:\/\/amgdecolombia.com\/wp-content\/uploads\/2023\/04\/ResponsabilidadAmbiental05-957x957.jpg 957w\" loading=\"eager\" style=\"--ratio: 957 \/ 957\" sizes=\"(max-width: 957px) 100vw, 957px\" alt=\"\" width=\"957\" height=\"957\"  \/><span class=\"gallery-rollover\"><span class=\"gallery-zoom-ico icomoon-the7-font-the7-zoom-06\"><span><\/span><\/span><\/span><\/a><\/figure><\/div><div data-post-id=\"244\" data-date=\"2023-04-04T18:41:31-05:00\" data-name=\"ResponsabilidadAmbiental03\"><figure class=\"post\"><a href=\"https:\/\/amgdecolombia.com\/wp-content\/uploads\/2023\/04\/ResponsabilidadAmbiental03.jpg\" class=\"rollover dt-pswp-item layzr-bg\" data-large_image_width=\"957\" data-large_image_height=\"1280\" data-dt-img-description=\"\" title=\"ResponsabilidadAmbiental03\"><img decoding=\"async\" class=\"preload-me owl-lazy-load aspect\" src=\"data:image\/svg+xml,%3Csvg%20xmlns%3D&#39;http%3A%2F%2Fwww.w3.org%2F2000%2Fsvg&#39;%20viewBox%3D&#39;0%200%20957%20957&#39;%2F%3E\" data-src=\"https:\/\/amgdecolombia.com\/wp-content\/uploads\/2023\/04\/ResponsabilidadAmbiental03-957x957.jpg\" data-srcset=\"https:\/\/amgdecolombia.com\/wp-content\/uploads\/2023\/04\/ResponsabilidadAmbiental03-957x957.jpg 957w\" loading=\"eager\" style=\"--ratio: 957 \/ 957\" sizes=\"(max-width: 957px) 100vw, 957px\" alt=\"\" width=\"957\" height=\"957\"  \/><span class=\"gallery-rollover\"><span class=\"gallery-zoom-ico icomoon-the7-font-the7-zoom-06\"><span><\/span><\/span><\/span><\/a><\/figure><\/div><div data-post-id=\"245\" data-date=\"2023-04-04T18:41:31-05:00\" data-name=\"ResponsabilidadAmbiental04\"><figure class=\"post\"><a href=\"https:\/\/amgdecolombia.com\/wp-content\/uploads\/2023\/04\/ResponsabilidadAmbiental04.jpg\" class=\"rollover dt-pswp-item layzr-bg\" data-large_image_width=\"957\" data-large_image_height=\"1280\" data-dt-img-description=\"\" title=\"ResponsabilidadAmbiental04\"><img decoding=\"async\" class=\"preload-me owl-lazy-load aspect\" src=\"data:image\/svg+xml,%3Csvg%20xmlns%3D&#39;http%3A%2F%2Fwww.w3.org%2F2000%2Fsvg&#39;%20viewBox%3D&#39;0%200%20957%20957&#39;%2F%3E\" data-src=\"https:\/\/amgdecolombia.com\/wp-content\/uploads\/2023\/04\/ResponsabilidadAmbiental04-957x957.jpg\" data-srcset=\"https:\/\/amgdecolombia.com\/wp-content\/uploads\/2023\/04\/ResponsabilidadAmbiental04-957x957.jpg 957w\" loading=\"eager\" style=\"--ratio: 957 \/ 957\" sizes=\"(max-width: 957px) 100vw, 957px\" alt=\"\" width=\"957\" height=\"957\"  \/><span class=\"gallery-rollover\"><span class=\"gallery-zoom-ico icomoon-the7-font-the7-zoom-06\"><span><\/span><\/span><\/span><\/a><\/figure><\/div><div data-post-id=\"243\" data-date=\"2023-04-04T18:41:30-05:00\" data-name=\"ResponsabilidadAmbiental02\"><figure class=\"post\"><a href=\"https:\/\/amgdecolombia.com\/wp-content\/uploads\/2023\/04\/ResponsabilidadAmbiental02.jpg\" class=\"rollover dt-pswp-item layzr-bg\" data-large_image_width=\"957\" data-large_image_height=\"1280\" data-dt-img-description=\"\" title=\"ResponsabilidadAmbiental02\"><img decoding=\"async\" class=\"preload-me owl-lazy-load aspect\" src=\"data:image\/svg+xml,%3Csvg%20xmlns%3D&#39;http%3A%2F%2Fwww.w3.org%2F2000%2Fsvg&#39;%20viewBox%3D&#39;0%200%20957%20957&#39;%2F%3E\" data-src=\"https:\/\/amgdecolombia.com\/wp-content\/uploads\/2023\/04\/ResponsabilidadAmbiental02-957x957.jpg\" data-srcset=\"https:\/\/amgdecolombia.com\/wp-content\/uploads\/2023\/04\/ResponsabilidadAmbiental02-957x957.jpg 957w\" loading=\"eager\" style=\"--ratio: 957 \/ 957\" sizes=\"(max-width: 957px) 100vw, 957px\" alt=\"\" width=\"957\" height=\"957\"  \/><span class=\"gallery-rollover\"><span class=\"gallery-zoom-ico icomoon-the7-font-the7-zoom-06\"><span><\/span><\/span><\/span><\/a><\/figure><\/div><\/div><\/div><\/div><\/div><\/div><div class=\"vc_row wpb_row vc_row-fluid customcard_title vc_custom_1760212864340 vc_row-has-fill\"><div class=\"wpb_column vc_column_container vc_col-sm-12\"><div class=\"vc_column-inner\"><div class=\"wpb_wrapper\"><div id=\"ultimate-heading-39046a09661fe6fc8\" class=\"uvc-heading ult-adjust-bottom-margin ultimate-heading-39046a09661fe6fc8 uvc-3782\" data-hspacer=\"no_spacer\"  data-halign=\"center\" style=\"text-align:center\"><div class=\"uvc-heading-spacer no_spacer\" style=\"top\"><\/div><div class=\"uvc-main-heading ult-responsive\"  data-ultimate-target='.uvc-heading.ultimate-heading-39046a09661fe6fc8 h2'  data-responsive-json-new='{\"font-size\":\"desktop:45px;\",\"line-height\":\"\"}' ><h2 style=\"font-family:&#039;Montserrat&#039;;font-weight:600;color:#FFFFFF;\">Efficiency in water management<\/h2><\/div><\/div><\/div><\/div><\/div><\/div><div class=\"vc_row wpb_row vc_row-fluid vc_custom_1680644937858\"><div class=\"wpb_column vc_column_container vc_col-sm-12\"><div class=\"vc_column-inner\"><div class=\"wpb_wrapper\"><div id=\"ultimate-heading-65006a09661fe713b\" class=\"uvc-heading ult-adjust-bottom-margin ultimate-heading-65006a09661fe713b uvc-5495\" data-hspacer=\"no_spacer\"  data-halign=\"left\" style=\"text-align:left\"><div class=\"uvc-heading-spacer no_spacer\" style=\"top\"><\/div><div class=\"uvc-sub-heading ult-responsive\"  data-ultimate-target='.uvc-heading.ultimate-heading-65006a09661fe713b .uvc-sub-heading '  data-responsive-json-new='{\"font-size\":\"\",\"line-height\":\"\"}'  style=\"font-weight:normal;\"><\/p>\n<p style=\"text-align: left;\">Its objective is to ensure efficient water management in production and operations, aiming for corporate sustainability, the reduction of environmental impacts, and the integral management of water resources. This approach enhances resource efficiency, reduces operating costs, raises awareness, and strengthens relationships with stakeholders.<\/p>\n<p><\/div><\/div><\/div><\/div><\/div><\/div><div class=\"vc_row wpb_row vc_row-fluid customcard_title vc_custom_1760212898449 vc_row-has-fill\"><div class=\"wpb_column vc_column_container vc_col-sm-12\"><div class=\"vc_column-inner\"><div class=\"wpb_wrapper\"><div id=\"ultimate-heading-90516a09661fe7270\" class=\"uvc-heading ult-adjust-bottom-margin ultimate-heading-90516a09661fe7270 uvc-4630\" data-hspacer=\"no_spacer\"  data-halign=\"center\" style=\"text-align:center\"><div class=\"uvc-heading-spacer no_spacer\" style=\"top\"><\/div><div class=\"uvc-main-heading ult-responsive\"  data-ultimate-target='.uvc-heading.ultimate-heading-90516a09661fe7270 h2'  data-responsive-json-new='{\"font-size\":\"desktop:45px;\",\"line-height\":\"\"}' ><h2 style=\"font-family:&#039;Montserrat&#039;;font-weight:600;color:#FFFFFF;\">Efficiency in Energy management<\/h2><\/div><\/div><\/div><\/div><\/div><\/div><div class=\"vc_row wpb_row vc_row-fluid vc_custom_1680644937858\"><div class=\"wpb_column vc_column_container vc_col-sm-12\"><div class=\"vc_column-inner\"><div class=\"wpb_wrapper\"><div id=\"ultimate-heading-19166a09661fe73a5\" class=\"uvc-heading ult-adjust-bottom-margin ultimate-heading-19166a09661fe73a5 uvc-2682\" data-hspacer=\"no_spacer\"  data-halign=\"left\" style=\"text-align:left\"><div class=\"uvc-heading-spacer no_spacer\" style=\"top\"><\/div><div class=\"uvc-sub-heading ult-responsive\"  data-ultimate-target='.uvc-heading.ultimate-heading-19166a09661fe73a5 .uvc-sub-heading '  data-responsive-json-new='{\"font-size\":\"\",\"line-height\":\"\"}'  style=\"font-weight:normal;\"><\/p>\n<p style=\"text-align: justify;\">Energy management is aimed at optimizing energy sources, usage, costs, and emissions in a reliable and sustainable manner. To achieve this, AMG implements strategies such as the efficient use of resources and the improvement and development of products and services.<\/p>\n<p><\/div><\/div><\/div><\/div><\/div><\/div><div class=\"vc_row wpb_row vc_row-fluid customcard_title vc_custom_1760212929218 vc_row-has-fill\"><div class=\"wpb_column vc_column_container vc_col-sm-12\"><div class=\"vc_column-inner\"><div class=\"wpb_wrapper\"><div id=\"ultimate-heading-56756a09661fe74b6\" class=\"uvc-heading ult-adjust-bottom-margin ultimate-heading-56756a09661fe74b6 uvc-1388\" data-hspacer=\"no_spacer\"  data-halign=\"center\" style=\"text-align:center\"><div class=\"uvc-heading-spacer no_spacer\" style=\"top\"><\/div><div class=\"uvc-main-heading ult-responsive\"  data-ultimate-target='.uvc-heading.ultimate-heading-56756a09661fe74b6 h2'  data-responsive-json-new='{\"font-size\":\"desktop:45px;\",\"line-height\":\"\"}' ><h2 style=\"font-family:&#039;Montserrat&#039;;font-weight:600;color:#FFFFFF;\">Waste Management<\/h2><\/div><\/div><\/div><\/div><\/div><\/div><div class=\"vc_row wpb_row vc_row-fluid vc_custom_1680644937858\"><div class=\"wpb_column vc_column_container vc_col-sm-12\"><div class=\"vc_column-inner\"><div class=\"wpb_wrapper\"><div id=\"ultimate-heading-52356a09661fe766d\" class=\"uvc-heading ult-adjust-bottom-margin ultimate-heading-52356a09661fe766d uvc-3148\" data-hspacer=\"no_spacer\"  data-halign=\"left\" style=\"text-align:left\"><div class=\"uvc-heading-spacer no_spacer\" style=\"top\"><\/div><div class=\"uvc-sub-heading ult-responsive\"  data-ultimate-target='.uvc-heading.ultimate-heading-52356a09661fe766d .uvc-sub-heading '  data-responsive-json-new='{\"font-size\":\"\",\"line-height\":\"\"}'  style=\"font-weight:normal;\"><\/p>\n<p style=\"text-align: left;\" class=\"translation-block\"><strong>AMG de Colombia S.A.S.<\/strong>, aware of the impact that our activities and products may have on the environment and people\u2019s health, has developed a Comprehensive Waste Management Program to provide a tool that helps reduce and\/or minimize these impacts, while ensuring compliance with current environmental laws and regulations and fostering an environmentally friendly corporate image.<\/p>\n<p style=\"text-align: left;\">Gracias por recoger tus tapitas pl\u00e1sticas, papel y otros materiales. Tus aportes son dirigidos a financiar los Programas de Apoyo Psicol\u00f3gico, Apoyo Social y Promoci\u00f3n de la Sobrevida, dirigido a ni\u00f1os, ni\u00f1as y adolescentes con c\u00e1ncer de la Fundaci\u00f3n Sanar.<\/p>\n<p><\/div><\/div><\/div><\/div><\/div><\/div>\n<\/div>","protected":false},"excerpt":{"rendered":"<p>Responsabilidad AmbientalEn AMG de Colombia, elaboramos y distribuimos productos con altos est\u00e1ndares de calidad, a trav\u00e9s de procesos y operaciones eficientes que promueven el uso responsable de los recursos y minimizan el impacto ambiental. Nuestra gesti\u00f3n ambiental est\u00e1 orientada a prevenir, controlar, mitigar y compensar los posibles efectos de nuestras actividades y productos, con el&hellip;<\/p>","protected":false},"author":2,"featured_media":0,"parent":0,"menu_order":0,"comment_status":"closed","ping_status":"closed","template":"","meta":{"footnotes":""},"class_list":["post-241","page","type-page","status-publish","hentry","description-off"],"_links":{"self":[{"href":"https:\/\/amgdecolombia.com\/en\/wp-json\/wp\/v2\/pages\/241","targetHints":{"allow":["GET"]}}],"collection":[{"href":"https:\/\/amgdecolombia.com\/en\/wp-json\/wp\/v2\/pages"}],"about":[{"href":"https:\/\/amgdecolombia.com\/en\/wp-json\/wp\/v2\/types\/page"}],"author":[{"embeddable":true,"href":"https:\/\/amgdecolombia.com\/en\/wp-json\/wp\/v2\/users\/2"}],"replies":[{"embeddable":true,"href":"https:\/\/amgdecolombia.com\/en\/wp-json\/wp\/v2\/comments?post=241"}],"version-history":[{"count":14,"href":"https:\/\/amgdecolombia.com\/en\/wp-json\/wp\/v2\/pages\/241\/revisions"}],"predecessor-version":[{"id":950,"href":"https:\/\/amgdecolombia.com\/en\/wp-json\/wp\/v2\/pages\/241\/revisions\/950"}],"wp:attachment":[{"href":"https:\/\/amgdecolombia.com\/en\/wp-json\/wp\/v2\/media?parent=241"}],"curies":[{"name":"wp","href":"https:\/\/api.w.org\/{rel}","templated":true}]}}