{"id":261,"date":"2023-04-04T18:52:59","date_gmt":"2023-04-04T23:52:59","guid":{"rendered":"https:\/\/metro01.evolucionti.com\/?page_id=261"},"modified":"2025-10-17T15:44:49","modified_gmt":"2025-10-17T20:44:49","slug":"talento-humano","status":"publish","type":"page","link":"https:\/\/amgdecolombia.com\/en\/talento-humano\/","title":{"rendered":"Human Talent"},"content":{"rendered":"<div class=\"wpb-content-wrapper\"><div class=\"vc_row wpb_row vc_row-fluid customcard_title vc_custom_1759698310324 vc_row-has-fill\"><div class=\"wpb_column vc_column_container vc_col-sm-12\"><div class=\"vc_column-inner\"><div class=\"wpb_wrapper\"><div id=\"ultimate-heading-62326a0965f40672d\" class=\"uvc-heading ult-adjust-bottom-margin ultimate-heading-62326a0965f40672d uvc-7011\" data-hspacer=\"no_spacer\"  data-halign=\"center\" style=\"text-align:center\"><div class=\"uvc-heading-spacer no_spacer\" style=\"top\"><\/div><div class=\"uvc-main-heading ult-responsive\"  data-ultimate-target='.uvc-heading.ultimate-heading-62326a0965f40672d h2'  data-responsive-json-new='{\"font-size\":\"desktop:45px;\",\"line-height\":\"\"}' ><h2 style=\"font-family:&#039;Montserrat&#039;;font-weight:600;color:#FFFFFF;\">Human Talent<\/h2><\/div><\/div><\/div><\/div><\/div><\/div><div class=\"vc_row wpb_row vc_row-fluid vc_custom_1680644937858\"><div class=\"wpb_column vc_column_container vc_col-sm-12\"><div class=\"vc_column-inner\"><div class=\"wpb_wrapper\"><div id=\"ultimate-heading-23866a0965f4069d3\" class=\"uvc-heading ult-adjust-bottom-margin ultimate-heading-23866a0965f4069d3 uvc-6442\" data-hspacer=\"no_spacer\"  data-halign=\"left\" style=\"text-align:left\"><div class=\"uvc-heading-spacer no_spacer\" style=\"top\"><\/div><div class=\"uvc-sub-heading ult-responsive\"  data-ultimate-target='.uvc-heading.ultimate-heading-23866a0965f4069d3 .uvc-sub-heading '  data-responsive-json-new='{\"font-size\":\"\",\"line-height\":\"\"}'  style=\"font-weight:normal;\"><\/p>\n<p style=\"text-align: justify;\" class=\"translation-block\">At <b>AMG de Colombia S.A.S.<\/b>, we recognize that our greatest asset is our human talent. Therefore, we promote their integrity, safety, and well-being while fostering their professional and economic growth through the strengthening of our organizational values. We encourage a healthy work environment that balances objective and subjective conditions to ensure fulfilling experiences in daily activities, with health and safety as top priorities.<\/p>\n<p style=\"text-align: justify;\">We seek to build an intelligent, continuously learning organization by enhancing employability through training and education. Likewise, we uphold the respect and promotion of Human Rights as a fundamental principle in all our practices, including our supply chain.<\/p>\n<p style=\"text-align: justify;\">We are convinced that the viability of operations and corporate reputation are founded on the adoption of responsible practices that uphold human dignity and generate sustainable value.<\/p>\n<p><\/div><\/div><\/div><\/div><\/div><\/div><div class=\"vc_row wpb_row vc_row-fluid customcard_title vc_custom_1759698416060 vc_row-has-fill\"><div class=\"wpb_column vc_column_container vc_col-sm-12\"><div class=\"vc_column-inner\"><div class=\"wpb_wrapper\"><div id=\"ultimate-heading-50496a0965f406b1d\" class=\"uvc-heading ult-adjust-bottom-margin ultimate-heading-50496a0965f406b1d uvc-6806\" data-hspacer=\"no_spacer\"  data-halign=\"center\" style=\"text-align:center\"><div class=\"uvc-heading-spacer no_spacer\" style=\"top\"><\/div><div class=\"uvc-main-heading ult-responsive\"  data-ultimate-target='.uvc-heading.ultimate-heading-50496a0965f406b1d h2'  data-responsive-json-new='{\"font-size\":\"desktop:45px;\",\"line-height\":\"\"}' ><h2 style=\"font-family:&#039;Montserrat&#039;;font-weight:600;color:#FFFFFF;\">Our Team Members<\/h2><\/div><\/div><\/div><\/div><\/div><\/div><div class=\"vc_row wpb_row vc_row-fluid vc_custom_1680644937858\"><div class=\"wpb_column vc_column_container vc_col-sm-12\"><div class=\"vc_column-inner\"><div class=\"wpb_wrapper\">\n\t<div  class=\"wpb_single_image wpb_content_element vc_align_center\">\n\t\t\n\t\t<figure class=\"wpb_wrapper vc_figure\">\n\t\t\t<div class=\"vc_single_image-wrapper vc_box_rounded  vc_box_border_grey\"><img loading=\"lazy\" decoding=\"async\" width=\"1024\" height=\"768\" src=\"https:\/\/amgdecolombia.com\/wp-content\/uploads\/2025\/10\/Foto-colaboradores-1024x768.png\" class=\"vc_single_image-img attachment-large\" alt=\"\" title=\"Foto colaboradores\" srcset=\"https:\/\/amgdecolombia.com\/wp-content\/uploads\/2025\/10\/Foto-colaboradores-1024x768.png 1024w, https:\/\/amgdecolombia.com\/wp-content\/uploads\/2025\/10\/Foto-colaboradores-300x225.png 300w, https:\/\/amgdecolombia.com\/wp-content\/uploads\/2025\/10\/Foto-colaboradores-768x576.png 768w, https:\/\/amgdecolombia.com\/wp-content\/uploads\/2025\/10\/Foto-colaboradores.png 1280w\" sizes=\"auto, (max-width: 1024px) 100vw, 1024px\"  data-dt-location=\"https:\/\/amgdecolombia.com\/en\/talento-humano\/foto-colaboradores\/\" \/><\/div>\n\t\t<\/figure>\n\t<\/div>\n<\/div><\/div><\/div><\/div>\n<\/div>","protected":false},"excerpt":{"rendered":"<p>Talento Humano En AMG de Colombia S.A.S. reconocemos que nuestro mayor valor es el talento humano. Por ello, promovemos su integridad, seguridad y bienestar, impulsando al mismo tiempo su crecimiento profesional y econ\u00f3mico, a trav\u00e9s del fortalecimiento de los valores de nuestra organizaci\u00f3n. Fomentamos un entorno laboral saludable que combina condiciones objetivas y subjetivas para&hellip;<\/p>","protected":false},"author":2,"featured_media":0,"parent":0,"menu_order":0,"comment_status":"closed","ping_status":"closed","template":"","meta":{"footnotes":""},"class_list":["post-261","page","type-page","status-publish","hentry","description-off"],"_links":{"self":[{"href":"https:\/\/amgdecolombia.com\/en\/wp-json\/wp\/v2\/pages\/261","targetHints":{"allow":["GET"]}}],"collection":[{"href":"https:\/\/amgdecolombia.com\/en\/wp-json\/wp\/v2\/pages"}],"about":[{"href":"https:\/\/amgdecolombia.com\/en\/wp-json\/wp\/v2\/types\/page"}],"author":[{"embeddable":true,"href":"https:\/\/amgdecolombia.com\/en\/wp-json\/wp\/v2\/users\/2"}],"replies":[{"embeddable":true,"href":"https:\/\/amgdecolombia.com\/en\/wp-json\/wp\/v2\/comments?post=261"}],"version-history":[{"count":11,"href":"https:\/\/amgdecolombia.com\/en\/wp-json\/wp\/v2\/pages\/261\/revisions"}],"predecessor-version":[{"id":952,"href":"https:\/\/amgdecolombia.com\/en\/wp-json\/wp\/v2\/pages\/261\/revisions\/952"}],"wp:attachment":[{"href":"https:\/\/amgdecolombia.com\/en\/wp-json\/wp\/v2\/media?parent=261"}],"curies":[{"name":"wp","href":"https:\/\/api.w.org\/{rel}","templated":true}]}}