{"id":96,"date":"2023-04-04T16:29:17","date_gmt":"2023-04-04T21:29:17","guid":{"rendered":"https:\/\/metro01.evolucionti.com\/?page_id=96"},"modified":"2025-10-25T15:58:49","modified_gmt":"2025-10-25T20:58:49","slug":"nosotros","status":"publish","type":"page","link":"https:\/\/amgdecolombia.com\/en\/nosotros\/","title":{"rendered":"About Us"},"content":{"rendered":"<div class=\"wpb-content-wrapper\"><div class=\"vc_row wpb_row vc_row-fluid customcard_title2 vc_custom_1759641930792 vc_row-has-fill\"><div class=\"wpb_column vc_column_container vc_col-sm-12\"><div class=\"vc_column-inner\"><div class=\"wpb_wrapper\"><div id=\"ultimate-heading-14156a0965f3aa8bf\" class=\"uvc-heading ult-adjust-bottom-margin ultimate-heading-14156a0965f3aa8bf uvc-2538\" data-hspacer=\"no_spacer\"  data-halign=\"center\" style=\"text-align:center\"><div class=\"uvc-heading-spacer no_spacer\" style=\"top\"><\/div><div class=\"uvc-main-heading ult-responsive\"  data-ultimate-target='.uvc-heading.ultimate-heading-14156a0965f3aa8bf h2'  data-responsive-json-new='{\"font-size\":\"desktop:45px;\",\"line-height\":\"\"}' ><h2 style=\"font-family:&#039;Montserrat&#039;;font-weight:600;color:#FFFFFF;\">We are AMG de Colombia<\/h2><\/div><\/div><\/div><\/div><\/div><\/div><div class=\"vc_row wpb_row vc_row-fluid vc_custom_1680644937858\"><div class=\"wpb_column vc_column_container vc_col-sm-12\"><div class=\"vc_column-inner\"><div class=\"wpb_wrapper\"><div id=\"ultimate-heading-1656a0965f3aad4a\" class=\"uvc-heading ult-adjust-bottom-margin ultimate-heading-1656a0965f3aad4a uvc-7076\" data-hspacer=\"no_spacer\"  data-halign=\"left\" style=\"text-align:left\"><div class=\"uvc-heading-spacer no_spacer\" style=\"top\"><\/div><div class=\"uvc-sub-heading ult-responsive\"  data-ultimate-target='.uvc-heading.ultimate-heading-1656a0965f3aad4a .uvc-sub-heading '  data-responsive-json-new='{\"font-size\":\"\",\"line-height\":\"\"}'  style=\"font-weight:normal;\"><strong>AMG de Colombia S.A.S.<\/strong> is a company committed to providing innovative chemical solutions for the industrial and Oil &amp; Gas sectors, through processes supported by international standards that ensure high-quality products, specialized service, and reliable technical assistance.<\/div><\/div><div id=\"ultimate-heading-56846a0965f3aad70\" class=\"uvc-heading ult-adjust-bottom-margin ultimate-heading-56846a0965f3aad70 uvc-7253\" data-hspacer=\"no_spacer\"  data-halign=\"left\" style=\"text-align:left\"><div class=\"uvc-heading-spacer no_spacer\" style=\"top\"><\/div><div class=\"uvc-sub-heading ult-responsive\"  data-ultimate-target='.uvc-heading.ultimate-heading-56846a0965f3aad70 .uvc-sub-heading '  data-responsive-json-new='{\"font-size\":\"\",\"line-height\":\"\"}'  style=\"font-weight:normal;\"><\/p>\n<p style=\"text-align: justify;\">Our management is supported by an Integrated Management System, certified under national and international standards such as ISO 9001, ISO 14001, ISO 45001, and RUC, which promotes continuous improvement, employee safety, and environmental care.<\/p>\n<p><\/div><\/div><div id=\"ultimate-heading-2606a0965f3aad8b\" class=\"uvc-heading ult-adjust-bottom-margin ultimate-heading-2606a0965f3aad8b uvc-7165\" data-hspacer=\"no_spacer\"  data-halign=\"left\" style=\"text-align:left\"><div class=\"uvc-heading-spacer no_spacer\" style=\"top\"><\/div><div class=\"uvc-sub-heading ult-responsive\"  data-ultimate-target='.uvc-heading.ultimate-heading-2606a0965f3aad8b .uvc-sub-heading '  data-responsive-json-new='{\"font-size\":\"\",\"line-height\":\"\"}'  style=\"font-weight:normal;\"><\/p>\n<p style=\"text-align: justify;\">At AMG de Colombia S.A.S., we reaffirm our commitment to the country and our stakeholders, protecting our natural and cultural wealth while maintaining a sustainable balance with our environment.<\/p>\n<p><\/div><\/div><\/div><\/div><\/div><\/div><div class=\"vc_row wpb_row vc_row-fluid vc_custom_1759643207881 vc_column-gap-35 vc_row-o-content-middle vc_row-flex\"><div class=\"wpb_column vc_column_container vc_col-sm-6\"><div class=\"vc_column-inner\"><div class=\"wpb_wrapper\">\n\t<div  class=\"wpb_single_image wpb_content_element vc_align_center\">\n\t\t\n\t\t<figure class=\"wpb_wrapper vc_figure\">\n\t\t\t<div class=\"vc_single_image-wrapper   vc_box_border_grey\"><img loading=\"lazy\" decoding=\"async\" width=\"673\" height=\"510\" src=\"https:\/\/amgdecolombia.com\/wp-content\/uploads\/2025\/10\/httpsamgdecolombia.comwp-contentuploads202411cropped-Diseno-sin-titulo-19.png-1.png\" class=\"vc_single_image-img attachment-full\" alt=\"\" title=\"httpsamgdecolombia.comwp-contentuploads202411cropped-Diseno-sin-titulo-19.png (1)\" srcset=\"https:\/\/amgdecolombia.com\/wp-content\/uploads\/2025\/10\/httpsamgdecolombia.comwp-contentuploads202411cropped-Diseno-sin-titulo-19.png-1.png 673w, https:\/\/amgdecolombia.com\/wp-content\/uploads\/2025\/10\/httpsamgdecolombia.comwp-contentuploads202411cropped-Diseno-sin-titulo-19.png-1-300x227.png 300w\" sizes=\"auto, (max-width: 673px) 100vw, 673px\"  data-dt-location=\"https:\/\/amgdecolombia.com\/en\/nosotros\/httpsamgdecolombia-comwp-contentuploads202411cropped-diseno-sin-titulo-19-png-1\/\" \/><\/div>\n\t\t<\/figure>\n\t<\/div>\n<\/div><\/div><\/div><div class=\"wpb_column vc_column_container vc_col-sm-6\"><div class=\"vc_column-inner\"><div class=\"wpb_wrapper\"><div class=\"vc_row wpb_row vc_inner vc_row-fluid customcard_title2 vc_custom_1759642035189 vc_row-has-fill\"><div class=\"wpb_column vc_column_container vc_col-sm-12\"><div class=\"vc_column-inner\"><div class=\"wpb_wrapper\"><div id=\"ultimate-heading-10046a0965f3aba80\" class=\"uvc-heading ult-adjust-bottom-margin ultimate-heading-10046a0965f3aba80 uvc-5477  uvc-heading-default-font-sizes\" data-hspacer=\"no_spacer\"  data-halign=\"center\" style=\"text-align:center\"><div class=\"uvc-heading-spacer no_spacer\" style=\"top\"><\/div><div class=\"uvc-main-heading ult-responsive\"  data-ultimate-target='.uvc-heading.ultimate-heading-10046a0965f3aba80 h2'  data-responsive-json-new='{\"font-size\":\"\",\"line-height\":\"\"}' ><h2 style=\"font-family:&#039;Montserrat&#039;;font-weight:600;color:#FFFFFF;\">Mision<\/h2><\/div><\/div><\/div><\/div><\/div><\/div><div class=\"ult-spacer spacer-6a0965f3abad9\" data-id=\"6a0965f3abad9\" data-height=\"35\" data-height-mobile=\"35\" data-height-tab=\"35\" data-height-tab-portrait=\"\" data-height-mobile-landscape=\"\" style=\"clear:both;display:block;\"><\/div><div class=\"vc_row wpb_row vc_inner vc_row-fluid vc_custom_1680646525949 vc_row-o-content-middle vc_row-flex\"><div class=\"wpb_column vc_column_container vc_col-sm-12\"><div class=\"vc_column-inner\"><div class=\"wpb_wrapper\"><div id=\"ultimate-heading-20346a0965f3abbc3\" class=\"uvc-heading ult-adjust-bottom-margin ultimate-heading-20346a0965f3abbc3 uvc-4035\" data-hspacer=\"no_spacer\"  data-halign=\"left\" style=\"text-align:left\"><div class=\"uvc-heading-spacer no_spacer\" style=\"top\"><\/div><div class=\"uvc-sub-heading ult-responsive\"  data-ultimate-target='.uvc-heading.ultimate-heading-20346a0965f3abbc3 .uvc-sub-heading '  data-responsive-json-new='{\"font-size\":\"\",\"line-height\":\"\"}'  style=\"font-weight:normal;\"><\/p>\n<p style=\"text-align: left;\">We are an organization dedicated to the development and commercialization of innovative and sustainable chemical solutions for the energy industry, focused on contributing to the protection of equipment and infrastructure, the optimization and efficient use of our clients\u2019 resources, environmental protection, and end-user safety \u2014 while remaining a socially responsible company.<\/p>\n<p><\/div><\/div><\/div><\/div><\/div><\/div><\/div><\/div><\/div><\/div><div class=\"vc_row wpb_row vc_row-fluid vc_custom_1759643219189 vc_column-gap-35 vc_row-o-content-middle vc_row-flex\"><div class=\"wpb_column vc_column_container vc_col-sm-6\"><div class=\"vc_column-inner\"><div class=\"wpb_wrapper\"><div class=\"vc_row wpb_row vc_inner vc_row-fluid customcard_title vc_custom_1759642169288 vc_row-has-fill\"><div class=\"wpb_column vc_column_container vc_col-sm-12\"><div class=\"vc_column-inner\"><div class=\"wpb_wrapper\"><div id=\"ultimate-heading-6196a0965f3abdf4\" class=\"uvc-heading ult-adjust-bottom-margin ultimate-heading-6196a0965f3abdf4 uvc-8518  uvc-heading-default-font-sizes\" data-hspacer=\"no_spacer\"  data-halign=\"center\" style=\"text-align:center\"><div class=\"uvc-heading-spacer no_spacer\" style=\"top\"><\/div><div class=\"uvc-main-heading ult-responsive\"  data-ultimate-target='.uvc-heading.ultimate-heading-6196a0965f3abdf4 h2'  data-responsive-json-new='{\"font-size\":\"\",\"line-height\":\"\"}' ><h2 style=\"font-family:&#039;Montserrat&#039;;font-weight:600;color:#FFFFFF;\">Vision<\/h2><\/div><\/div><\/div><\/div><\/div><\/div><div class=\"ult-spacer spacer-6a0965f3abe41\" data-id=\"6a0965f3abe41\" data-height=\"35\" data-height-mobile=\"35\" data-height-tab=\"35\" data-height-tab-portrait=\"\" data-height-mobile-landscape=\"\" style=\"clear:both;display:block;\"><\/div><div class=\"vc_row wpb_row vc_inner vc_row-fluid vc_custom_1680645004745 vc_row-o-content-middle vc_row-flex\"><div class=\"wpb_column vc_column_container vc_col-sm-12\"><div class=\"vc_column-inner\"><div class=\"wpb_wrapper\"><div id=\"ultimate-heading-83826a0965f3abf24\" class=\"uvc-heading ult-adjust-bottom-margin ultimate-heading-83826a0965f3abf24 uvc-2511\" data-hspacer=\"no_spacer\"  data-halign=\"left\" style=\"text-align:left\"><div class=\"uvc-heading-spacer no_spacer\" style=\"top\"><\/div><div class=\"uvc-sub-heading ult-responsive\"  data-ultimate-target='.uvc-heading.ultimate-heading-83826a0965f3abf24 .uvc-sub-heading '  data-responsive-json-new='{\"font-size\":\"\",\"line-height\":\"\"}'  style=\"font-weight:normal;\"><\/p>\n<p style=\"text-align: left;\">To be a strategic ally for companies in the energy industry, to expand into new markets at the national and Latin American levels, and to position our brand as innovative, sustainable, and reliable for all stakeholders.<\/p>\n<p><\/div><\/div><\/div><\/div><\/div><\/div><\/div><\/div><\/div><div class=\"wpb_column vc_column_container vc_col-sm-6\"><div class=\"vc_column-inner\"><div class=\"wpb_wrapper\">\n\t<div  class=\"wpb_single_image wpb_content_element vc_align_center\">\n\t\t\n\t\t<figure class=\"wpb_wrapper vc_figure\">\n\t\t\t<div class=\"vc_single_image-wrapper   vc_box_border_grey\"><img loading=\"lazy\" decoding=\"async\" width=\"673\" height=\"510\" src=\"https:\/\/amgdecolombia.com\/wp-content\/uploads\/2025\/10\/httpsamgdecolombia.comwp-contentuploads202411cropped-Diseno-sin-titulo-19.png-4.png\" class=\"vc_single_image-img attachment-full\" alt=\"\" title=\"httpsamgdecolombia.comwp-contentuploads202411cropped-Diseno-sin-titulo-19.png (4)\" srcset=\"https:\/\/amgdecolombia.com\/wp-content\/uploads\/2025\/10\/httpsamgdecolombia.comwp-contentuploads202411cropped-Diseno-sin-titulo-19.png-4.png 673w, https:\/\/amgdecolombia.com\/wp-content\/uploads\/2025\/10\/httpsamgdecolombia.comwp-contentuploads202411cropped-Diseno-sin-titulo-19.png-4-300x227.png 300w\" sizes=\"auto, (max-width: 673px) 100vw, 673px\"  data-dt-location=\"https:\/\/amgdecolombia.com\/en\/nosotros\/httpsamgdecolombia-comwp-contentuploads202411cropped-diseno-sin-titulo-19-png-4\/\" \/><\/div>\n\t\t<\/figure>\n\t<\/div>\n<\/div><\/div><\/div><\/div><div class=\"vc_row wpb_row vc_row-fluid vc_custom_1759643595041 vc_column-gap-10 vc_row-o-content-middle vc_row-flex\"><div class=\"wpb_column vc_column_container vc_col-sm-4\"><div class=\"vc_column-inner\"><div class=\"wpb_wrapper\">\n\t<div  class=\"wpb_single_image wpb_content_element vc_align_center  vc_custom_1759643778702  customimage_amg\">\n\t\t\n\t\t<figure class=\"wpb_wrapper vc_figure\">\n\t\t\t<div class=\"vc_single_image-wrapper   vc_box_border_grey\"><img loading=\"lazy\" decoding=\"async\" width=\"510\" height=\"1000\" src=\"https:\/\/amgdecolombia.com\/wp-content\/uploads\/2025\/10\/Diseno-sin-titulo-16.png\" class=\"vc_single_image-img attachment-full\" alt=\"\" title=\"Dise\u00f1o sin t\u00edtulo (16)\" srcset=\"https:\/\/amgdecolombia.com\/wp-content\/uploads\/2025\/10\/Diseno-sin-titulo-16.png 510w, https:\/\/amgdecolombia.com\/wp-content\/uploads\/2025\/10\/Diseno-sin-titulo-16-153x300.png 153w\" sizes=\"auto, (max-width: 510px) 100vw, 510px\"  data-dt-location=\"https:\/\/amgdecolombia.com\/en\/nosotros\/diseno-sin-titulo-16\/\" \/><\/div>\n\t\t<\/figure>\n\t<\/div>\n<\/div><\/div><\/div><div class=\"wpb_column vc_column_container vc_col-sm-8\"><div class=\"vc_column-inner\"><div class=\"wpb_wrapper\"><div class=\"ult-spacer spacer-6a0965f3ac74c\" data-id=\"6a0965f3ac74c\" data-height=\"20\" data-height-mobile=\"20\" data-height-tab=\"20\" data-height-tab-portrait=\"\" data-height-mobile-landscape=\"\" style=\"clear:both;display:block;\"><\/div><div class=\"vc_row wpb_row vc_inner vc_row-fluid customcard_title2 vc_custom_1759642434551 vc_row-has-fill\"><div class=\"wpb_column vc_column_container vc_col-sm-12\"><div class=\"vc_column-inner\"><div class=\"wpb_wrapper\"><div id=\"ultimate-heading-63376a0965f3ac82d\" class=\"uvc-heading ult-adjust-bottom-margin ultimate-heading-63376a0965f3ac82d uvc-7357  uvc-heading-default-font-sizes\" data-hspacer=\"no_spacer\"  data-halign=\"center\" style=\"text-align:center\"><div class=\"uvc-heading-spacer no_spacer\" style=\"top\"><\/div><div class=\"uvc-main-heading ult-responsive\"  data-ultimate-target='.uvc-heading.ultimate-heading-63376a0965f3ac82d h2'  data-responsive-json-new='{\"font-size\":\"\",\"line-height\":\"\"}' ><h2 style=\"font-family:&#039;Montserrat&#039;;font-weight:600;color:#FFFFFF;\">Our Values<\/h2><\/div><\/div><\/div><\/div><\/div><\/div><div class=\"vc_row wpb_row vc_inner vc_row-fluid customcard_title vc_custom_1760719284137 vc_row-has-fill vc_row-o-content-middle vc_row-flex\"><div class=\"wpb_column vc_column_container vc_col-sm-12\"><div class=\"vc_column-inner\"><div class=\"wpb_wrapper\">\n\t<div  class=\"wpb_single_image wpb_content_element vc_align_center  vc_custom_1760719245894\">\n\t\t\n\t\t<figure class=\"wpb_wrapper vc_figure\">\n\t\t\t<div class=\"vc_single_image-wrapper   vc_box_border_grey\"><img loading=\"lazy\" decoding=\"async\" width=\"120\" height=\"114\" src=\"https:\/\/amgdecolombia.com\/wp-content\/uploads\/2023\/04\/IconoHomeMarqusina@1x.png\" class=\"vc_single_image-img attachment-thumbnail\" alt=\"\" title=\"IconoHomeMarqusina@1x\"  data-dt-location=\"https:\/\/amgdecolombia.com\/en\/sample-page\/iconohomemarqusina1x\/\" \/><\/div>\n\t\t<\/figure>\n\t<\/div>\n<div id=\"ultimate-heading-16826a0965f3acd4a\" class=\"uvc-heading ult-adjust-bottom-margin ultimate-heading-16826a0965f3acd4a uvc-6899  uvc-heading-default-font-sizes\" data-hspacer=\"no_spacer\"  data-halign=\"left\" style=\"text-align:left\"><div class=\"uvc-heading-spacer no_spacer\" style=\"top\"><\/div><div class=\"uvc-main-heading ult-responsive\"  data-ultimate-target='.uvc-heading.ultimate-heading-16826a0965f3acd4a h4'  data-responsive-json-new='{\"font-size\":\"\",\"line-height\":\"\"}' ><h4 style=\"font-family:&#039;Montserrat&#039;;--font-weight:theme;color:#ffffff;\"><strong>Passion:<\/strong> We enjoy what we do, and the enthusiasm we put into every task drives us to deliver the best service. We reinvent ourselves every day, adding value to our activities through creativity and innovation, consistently setting ourselves apart in every process within our organization.<\/h4><\/div><\/div><div id=\"ultimate-heading-53656a0965f3acdab\" class=\"uvc-heading ult-adjust-bottom-margin ultimate-heading-53656a0965f3acdab uvc-503  uvc-heading-default-font-sizes\" data-hspacer=\"no_spacer\"  data-halign=\"left\" style=\"text-align:left\"><div class=\"uvc-heading-spacer no_spacer\" style=\"top\"><\/div><div class=\"uvc-main-heading ult-responsive\"  data-ultimate-target='.uvc-heading.ultimate-heading-53656a0965f3acdab h4'  data-responsive-json-new='{\"font-size\":\"\",\"line-height\":\"\"}' ><h4 style=\"font-family:&#039;Montserrat&#039;;--font-weight:theme;color:#ffffff;\"><strong>Integrity:<\/strong> We work with transparency, always adhering to current legal standards both within the company and in our environment. In doing so, we build trust through the rational use of resources, guided by quality, ethics, and honesty.<\/h4><\/div><\/div><div id=\"ultimate-heading-46766a0965f3acdf9\" class=\"uvc-heading ult-adjust-bottom-margin ultimate-heading-46766a0965f3acdf9 uvc-4124  uvc-heading-default-font-sizes\" data-hspacer=\"no_spacer\"  data-halign=\"left\" style=\"text-align:left\"><div class=\"uvc-heading-spacer no_spacer\" style=\"top\"><\/div><div class=\"uvc-main-heading ult-responsive\"  data-ultimate-target='.uvc-heading.ultimate-heading-46766a0965f3acdf9 h4'  data-responsive-json-new='{\"font-size\":\"\",\"line-height\":\"\"}' ><h4 style=\"font-family:&#039;Montserrat&#039;;--font-weight:theme;color:#ffffff;\"><strong>Discipline:<\/strong> At AMG de Colombia, we are committed to our corporate policy; therefore, we carry out our tasks systematically and persistently until we achieve our objectives.<\/h4><\/div><\/div><div id=\"ultimate-heading-94786a0965f3ace4e\" class=\"uvc-heading ult-adjust-bottom-margin ultimate-heading-94786a0965f3ace4e uvc-8003  uvc-heading-default-font-sizes\" data-hspacer=\"no_spacer\"  data-halign=\"left\" style=\"text-align:left\"><div class=\"uvc-heading-spacer no_spacer\" style=\"top\"><\/div><div class=\"uvc-main-heading ult-responsive\"  data-ultimate-target='.uvc-heading.ultimate-heading-94786a0965f3ace4e h4'  data-responsive-json-new='{\"font-size\":\"\",\"line-height\":\"\"}' ><h4 style=\"font-family:&#039;Montserrat&#039;;--font-weight:theme;color:#ffffff;\"><strong>Responsability<\/strong> We believe in doing things well; that\u2019s why we strive every day to give our best in each task with self-management and efficiency, recognizing that teamwork enhances synergies among members of the organization to achieve the proposed goals and objectives.<\/h4><\/div><\/div><div id=\"ultimate-heading-416a0965f3ace87\" class=\"uvc-heading ult-adjust-bottom-margin ultimate-heading-416a0965f3ace87 uvc-6120  uvc-heading-default-font-sizes\" data-hspacer=\"no_spacer\"  data-halign=\"left\" style=\"text-align:left\"><div class=\"uvc-heading-spacer no_spacer\" style=\"top\"><\/div><div class=\"uvc-main-heading ult-responsive\"  data-ultimate-target='.uvc-heading.ultimate-heading-416a0965f3ace87 h4'  data-responsive-json-new='{\"font-size\":\"\",\"line-height\":\"\"}' ><h4 style=\"font-family:&#039;Montserrat&#039;;--font-weight:theme;color:#ffffff;\"><strong>Commitment to Well-being and Safety:<\/strong> We work to preserve the continuous safety and well-being of people, fostering awareness and a sense of care in ourselves and our colleagues. We base our actions on self-respect and self-care, promoting integrity and personal fulfillment, as well as job stability, to achieve our goals with a sense of belonging and a safe, happy work environment.<\/h4><\/div><\/div><div class=\"vc_separator wpb_content_element vc_separator_align_center vc_sep_width_100 vc_sep_border_width_10 vc_sep_pos_align_center vc_separator_no_text vc_sep_color_grey wpb_content_element  wpb_content_element\" ><span class=\"vc_sep_holder vc_sep_holder_l\"><span class=\"vc_sep_line\"><\/span><\/span><span class=\"vc_sep_holder vc_sep_holder_r\"><span class=\"vc_sep_line\"><\/span><\/span>\n<\/div><\/div><\/div><\/div><\/div><\/div><\/div><\/div><\/div>\n<\/div>","protected":false},"excerpt":{"rendered":"<p>S\u00f3mos AMG de ColombiaAMG de Colombia S.A.S. es una compa\u00f1\u00eda comprometida en brindar soluciones qu\u00edmicas innovadoras para el sector industrial y de Oil &amp; Gas, mediante procesos respaldados por normas internacionales que garantizan productos de alta calidad, servicio especializado y asesor\u00eda t\u00e9cnica confiable. Nuestra gesti\u00f3n se soporta en un Sistema Integrado de Gesti\u00f3n, certificado bajo&hellip;<\/p>","protected":false},"author":2,"featured_media":0,"parent":0,"menu_order":0,"comment_status":"closed","ping_status":"closed","template":"","meta":{"footnotes":""},"class_list":["post-96","page","type-page","status-publish","hentry","description-off"],"_links":{"self":[{"href":"https:\/\/amgdecolombia.com\/en\/wp-json\/wp\/v2\/pages\/96","targetHints":{"allow":["GET"]}}],"collection":[{"href":"https:\/\/amgdecolombia.com\/en\/wp-json\/wp\/v2\/pages"}],"about":[{"href":"https:\/\/amgdecolombia.com\/en\/wp-json\/wp\/v2\/types\/page"}],"author":[{"embeddable":true,"href":"https:\/\/amgdecolombia.com\/en\/wp-json\/wp\/v2\/users\/2"}],"replies":[{"embeddable":true,"href":"https:\/\/amgdecolombia.com\/en\/wp-json\/wp\/v2\/comments?post=96"}],"version-history":[{"count":45,"href":"https:\/\/amgdecolombia.com\/en\/wp-json\/wp\/v2\/pages\/96\/revisions"}],"predecessor-version":[{"id":962,"href":"https:\/\/amgdecolombia.com\/en\/wp-json\/wp\/v2\/pages\/96\/revisions\/962"}],"wp:attachment":[{"href":"https:\/\/amgdecolombia.com\/en\/wp-json\/wp\/v2\/media?parent=96"}],"curies":[{"name":"wp","href":"https:\/\/api.w.org\/{rel}","templated":true}]}}